{"id":1731,"date":"2022-05-06T15:26:08","date_gmt":"2022-05-06T13:26:08","guid":{"rendered":"https:\/\/www.studiouckmar.com\/estudio\/"},"modified":"2024-10-01T10:00:45","modified_gmt":"2024-10-01T08:00:45","slug":"estudio","status":"publish","type":"page","link":"https:\/\/www.studiouckmar.com\/es\/estudio\/","title":{"rendered":"Estudio"},"content":{"rendered":"<p>[et_pb_section fb_built=\u00bb1&#8243; admin_label=\u00bbHero\u00bb _builder_version=\u00bb4.14.7&#8243; use_background_color_gradient=\u00bbon\u00bb background_color_gradient_start=\u00bbrgba(10,10,10,0.47)\u00bb background_color_gradient_end=\u00bbrgba(216,216,216,0)\u00bb background_color_gradient_type=\u00bbradial\u00bb background_color_gradient_direction_radial=\u00bbtop left\u00bb background_color_gradient_overlays_image=\u00bbon\u00bb background_image=\u00bbhttps:\/\/www.studiouckmar.com\/wp-content\/uploads\/2022\/11\/studio-uckmar-8-scaled.jpg\u00bb background_position=\u00bbtop_center\u00bb custom_margin=\u00bb||||false\u00bb custom_padding=\u00bb10vw||10vw||true|false\u00bb global_colors_info=\u00bb{}\u00bb][et_pb_row column_structure=\u00bb2_3,1_3&#8243; _builder_version=\u00bb4.14.7&#8243; global_colors_info=\u00bb{}\u00bb][et_pb_column type=\u00bb2_3&#8243; _builder_version=\u00bb3.25&#8243; custom_padding=\u00bb|||\u00bb global_colors_info=\u00bb{}\u00bb custom_padding__hover=\u00bb|||\u00bb][et_pb_text _builder_version=\u00bb4.14.7&#8243; text_font=\u00bb||||||||\u00bb header_font=\u00bb|700|||||||\u00bb header_font_size=\u00bb40px\u00bb header_line_height=\u00bb1.1em\u00bb background_layout=\u00bbdark\u00bb max_width=\u00bb800px\u00bb custom_margin=\u00bb||0px|\u00bb custom_padding=\u00bb|||16px\u00bb header_font_size_tablet=\u00bb44px\u00bb header_font_size_phone=\u00bb32px\u00bb header_font_size_last_edited=\u00bbon|phone\u00bb border_color_all=\u00bb#8A2432&#8243; border_width_left=\u00bb4px\u00bb global_colors_info=\u00bb{}\u00bb]<\/p>\n<h1>El estudio<\/h1>\n<p>[\/et_pb_text][\/et_pb_column][et_pb_column type=\u00bb1_3&#8243; disabled_on=\u00bbon|on|off\u00bb _builder_version=\u00bb4.14.7&#8243; custom_padding=\u00bb|||\u00bb global_colors_info=\u00bb{}\u00bb custom_padding__hover=\u00bb|||\u00bb][\/et_pb_column][\/et_pb_row][\/et_pb_section][et_pb_section fb_built=\u00bb1&#8243; custom_padding_last_edited=\u00bbon|phone\u00bb _builder_version=\u00bb4.14.7&#8243; _module_preset=\u00bbdefault\u00bb custom_margin_tablet=\u00bb\u00bb custom_margin_phone=\u00bb||0px||false|false\u00bb custom_margin_last_edited=\u00bbon|phone\u00bb custom_padding_tablet=\u00bb\u00bb custom_padding_phone=\u00bb||0px||false|false\u00bb global_colors_info=\u00bb{}\u00bb][et_pb_row _builder_version=\u00bb4.14.7&#8243; _module_preset=\u00bbdefault\u00bb global_colors_info=\u00bb{}\u00bb][et_pb_column type=\u00bb4_4&#8243; _builder_version=\u00bb4.14.7&#8243; _module_preset=\u00bbdefault\u00bb global_colors_info=\u00bb{}\u00bb][et_pb_text _builder_version=\u00bb4.14.7&#8243; _module_preset=\u00bbdefault\u00bb width=\u00bb80%\u00bb width_tablet=\u00bb80%\u00bb width_phone=\u00bb100%\u00bb width_last_edited=\u00bbon|phone\u00bb global_colors_info=\u00bb{}\u00bb]<\/p>\n<p><span>El bufete en su estructura actual tom\u00f3 forma a partir de finales de los a\u00f1os setenta, cuando reforz\u00f3 su especializaci\u00f3n en derecho internacional y, en particular, en planificaci\u00f3n fiscal, asistiendo no s\u00f3lo a particulares y empresas, sino tambi\u00e9n a gobiernos soberanos. El asesoramiento a los gobiernos de la Rep\u00fablica Popular China y la Uni\u00f3n Sovi\u00e9tica se refer\u00eda principalmente a la elaboraci\u00f3n de legislaci\u00f3n sobre empresas conjuntas, zonas francas e inversi\u00f3n extranjera.<\/span><\/p>\n<p><span>En otros casos, el bufete ha asesorado a Estados y organizaciones supranacionales en proyectos espec\u00edficos de reforma fiscal. Los abogados del bufete trabajan a diario con clientes que van desde empresas multinacionales a bancos.<\/span><\/p>\n<p>[\/et_pb_text][\/et_pb_column][\/et_pb_row][\/et_pb_section][et_pb_section fb_built=\u00bb1&#8243; custom_padding_last_edited=\u00bbon|phone\u00bb admin_label=\u00bbServices\u00bb _builder_version=\u00bb4.14.7&#8243; background_image=\u00bbhttps:\/\/www.studiouckmar.com\/wp-content\/uploads\/2022\/07\/sfondino.png\u00bb background_size=\u00bbinitial\u00bb custom_padding=\u00bb54px|0px|54px|0px|false|false\u00bb custom_padding_tablet=\u00bb54px|0px|54px|0px|false|false\u00bb custom_padding_phone=\u00bb30px||0px||false|false\u00bb hover_enabled=\u00bb0&#8243; global_colors_info=\u00bb{}\u00bb sticky_enabled=\u00bb0&#8243;][et_pb_row column_structure=\u00bb1_3,1_3,1_3&#8243; use_custom_gutter=\u00bbon\u00bb gutter_width=\u00bb2&#8243; make_equal=\u00bbon\u00bb _builder_version=\u00bb4.14.7&#8243; global_colors_info=\u00bb{}\u00bb][et_pb_column type=\u00bb1_3&#8243; _builder_version=\u00bb4.14.7&#8243; custom_padding=\u00bb|||\u00bb global_colors_info=\u00bb{}\u00bb custom_padding__hover=\u00bb|||\u00bb][et_pb_cta title=\u00bb1998 &#8211; 2001&#8243; button_url=\u00bb#\u00bb _builder_version=\u00bb4.14.7&#8243; header_level=\u00bbh3&#8243; header_font=\u00bb|700|||||||\u00bb header_text_color=\u00bb#8A2432&#8243; header_font_size=\u00bb25px\u00bb header_line_height=\u00bb1.5em\u00bb body_font=\u00bb||||||||\u00bb body_line_height=\u00bb2em\u00bb background_color=\u00bb#ffffff\u00bb background_enable_image=\u00bboff\u00bb background_size=\u00bbinitial\u00bb background_position=\u00bbtop_left\u00bb custom_button=\u00bbon\u00bb button_text_size=\u00bb12px\u00bb button_text_color=\u00bb#ef3b24&#8243; button_bg_color=\u00bbrgba(255,255,255,0)\u00bb button_border_color=\u00bbrgba(0,0,0,0)\u00bb button_border_radius=\u00bb0px\u00bb button_letter_spacing=\u00bb2px\u00bb button_font=\u00bbRubik|500||on|||||\u00bb button_icon=\u00bb&#xe03c;||divi||400&#8243; button_on_hover=\u00bboff\u00bb text_orientation=\u00bbleft\u00bb background_layout=\u00bblight\u00bb custom_margin=\u00bb|||\u00bb custom_padding=\u00bb55px|||||\u00bb animation_style=\u00bbzoom\u00bb animation_intensity_zoom=\u00bb20%\u00bb border_width_all=\u00bb3px\u00bb border_color_all=\u00bb#efefef\u00bb box_shadow_style=\u00bbpreset3&#8243; box_shadow_vertical=\u00bb40px\u00bb box_shadow_blur=\u00bb60px\u00bb box_shadow_spread=\u00bb-10px\u00bb box_shadow_color=\u00bbrgba(0,0,0,0.03)\u00bb button_letter_spacing_hover=\u00bb2px\u00bb global_colors_info=\u00bb{}\u00bb button_text_size__hover_enabled=\u00bboff\u00bb button_one_text_size__hover_enabled=\u00bboff\u00bb button_two_text_size__hover_enabled=\u00bboff\u00bb button_text_color__hover_enabled=\u00bboff\u00bb button_one_text_color__hover_enabled=\u00bboff\u00bb button_two_text_color__hover_enabled=\u00bboff\u00bb button_border_width__hover_enabled=\u00bboff\u00bb button_one_border_width__hover_enabled=\u00bboff\u00bb button_two_border_width__hover_enabled=\u00bboff\u00bb button_border_color__hover_enabled=\u00bboff\u00bb button_one_border_color__hover_enabled=\u00bboff\u00bb button_two_border_color__hover_enabled=\u00bboff\u00bb button_border_radius__hover_enabled=\u00bboff\u00bb button_one_border_radius__hover_enabled=\u00bboff\u00bb button_two_border_radius__hover_enabled=\u00bboff\u00bb button_letter_spacing__hover_enabled=\u00bbon\u00bb button_letter_spacing__hover=\u00bb2px\u00bb button_one_letter_spacing__hover_enabled=\u00bboff\u00bb button_two_letter_spacing__hover_enabled=\u00bboff\u00bb button_bg_color__hover_enabled=\u00bboff\u00bb button_one_bg_color__hover_enabled=\u00bboff\u00bb button_two_bg_color__hover_enabled=\u00bboff\u00bb]<\/p>\n<p><span>Junto con Sogei, prepar\u00f3 un proyecto para iniciar la reforma del sistema fiscal nacional de Argentina.<\/span><\/p>\n<p>[\/et_pb_cta][\/et_pb_column][et_pb_column type=\u00bb1_3&#8243; _builder_version=\u00bb3.25&#8243; custom_padding=\u00bb|||\u00bb global_colors_info=\u00bb{}\u00bb custom_padding__hover=\u00bb|||\u00bb][et_pb_cta title=\u00bb1985&#8243; button_url=\u00bb#\u00bb _builder_version=\u00bb4.14.7&#8243; header_level=\u00bbh3&#8243; header_font=\u00bb|700|||||||\u00bb header_text_color=\u00bb#8A2432&#8243; header_font_size=\u00bb25px\u00bb header_line_height=\u00bb1.5em\u00bb body_font=\u00bb||||||||\u00bb body_line_height=\u00bb2em\u00bb background_color=\u00bb#ffffff\u00bb background_enable_image=\u00bboff\u00bb background_size=\u00bbinitial\u00bb background_position=\u00bbtop_left\u00bb custom_button=\u00bbon\u00bb button_text_size=\u00bb12px\u00bb button_text_color=\u00bb#ef3b24&#8243; button_bg_color=\u00bbrgba(255,255,255,0)\u00bb button_border_color=\u00bbrgba(0,0,0,0)\u00bb button_border_radius=\u00bb0px\u00bb button_letter_spacing=\u00bb2px\u00bb button_font=\u00bbRubik|500||on|||||\u00bb button_icon=\u00bb&#xe03c;||divi||400&#8243; button_on_hover=\u00bboff\u00bb text_orientation=\u00bbleft\u00bb background_layout=\u00bblight\u00bb custom_margin=\u00bb|||\u00bb custom_padding=\u00bb55px|||||\u00bb animation_style=\u00bbzoom\u00bb animation_intensity_zoom=\u00bb20%\u00bb border_width_all=\u00bb3px\u00bb border_color_all=\u00bb#efefef\u00bb box_shadow_style=\u00bbpreset3&#8243; box_shadow_vertical=\u00bb40px\u00bb box_shadow_blur=\u00bb60px\u00bb box_shadow_spread=\u00bb-10px\u00bb box_shadow_color=\u00bbrgba(0,0,0,0.03)\u00bb button_letter_spacing_hover=\u00bb2px\u00bb global_colors_info=\u00bb{}\u00bb button_text_size__hover_enabled=\u00bboff\u00bb button_one_text_size__hover_enabled=\u00bboff\u00bb button_two_text_size__hover_enabled=\u00bboff\u00bb button_text_color__hover_enabled=\u00bboff\u00bb button_one_text_color__hover_enabled=\u00bboff\u00bb button_two_text_color__hover_enabled=\u00bboff\u00bb button_border_width__hover_enabled=\u00bboff\u00bb button_one_border_width__hover_enabled=\u00bboff\u00bb button_two_border_width__hover_enabled=\u00bboff\u00bb button_border_color__hover_enabled=\u00bboff\u00bb button_one_border_color__hover_enabled=\u00bboff\u00bb button_two_border_color__hover_enabled=\u00bboff\u00bb button_border_radius__hover_enabled=\u00bboff\u00bb button_one_border_radius__hover_enabled=\u00bboff\u00bb button_two_border_radius__hover_enabled=\u00bboff\u00bb button_letter_spacing__hover_enabled=\u00bbon\u00bb button_letter_spacing__hover=\u00bb2px\u00bb button_one_letter_spacing__hover_enabled=\u00bboff\u00bb button_two_letter_spacing__hover_enabled=\u00bboff\u00bb button_bg_color__hover_enabled=\u00bboff\u00bb button_one_bg_color__hover_enabled=\u00bboff\u00bb button_two_bg_color__hover_enabled=\u00bboff\u00bb]<\/p>\n<p><span>Se inaugura la oficina de Mil\u00e1n, donde se desarrolla principalmente la actividad internacional.<\/span><\/p>\n<p><span><\/span><\/p>\n<p><span><\/span><\/p>\n<p>[\/et_pb_cta][\/et_pb_column][et_pb_column type=\u00bb1_3&#8243; _builder_version=\u00bb3.25&#8243; custom_padding=\u00bb|||\u00bb global_colors_info=\u00bb{}\u00bb custom_padding__hover=\u00bb|||\u00bb][et_pb_cta title=\u00bb1995&#8243; button_url=\u00bb#\u00bb _builder_version=\u00bb4.14.7&#8243; header_level=\u00bbh3&#8243; header_font=\u00bb|700|||||||\u00bb header_text_color=\u00bb#8A2432&#8243; header_font_size=\u00bb25px\u00bb header_line_height=\u00bb1.5em\u00bb body_font=\u00bb||||||||\u00bb body_line_height=\u00bb2em\u00bb background_color=\u00bb#ffffff\u00bb background_enable_image=\u00bboff\u00bb background_size=\u00bbinitial\u00bb background_position=\u00bbtop_left\u00bb custom_button=\u00bbon\u00bb button_text_size=\u00bb12px\u00bb button_text_color=\u00bb#ef3b24&#8243; button_bg_color=\u00bbrgba(255,255,255,0)\u00bb button_border_color=\u00bbrgba(0,0,0,0)\u00bb button_border_radius=\u00bb0px\u00bb button_letter_spacing=\u00bb2px\u00bb button_font=\u00bbRubik|500||on|||||\u00bb button_icon=\u00bb&#xe03c;||divi||400&#8243; button_on_hover=\u00bboff\u00bb text_orientation=\u00bbleft\u00bb background_layout=\u00bblight\u00bb custom_margin=\u00bb|||\u00bb custom_padding=\u00bb55px|||||\u00bb animation_style=\u00bbzoom\u00bb animation_intensity_zoom=\u00bb20%\u00bb border_width_all=\u00bb3px\u00bb border_color_all=\u00bb#efefef\u00bb box_shadow_style=\u00bbpreset3&#8243; box_shadow_vertical=\u00bb40px\u00bb box_shadow_blur=\u00bb60px\u00bb box_shadow_spread=\u00bb-10px\u00bb box_shadow_color=\u00bbrgba(0,0,0,0.03)\u00bb button_letter_spacing_hover=\u00bb2px\u00bb global_colors_info=\u00bb{}\u00bb button_text_size__hover_enabled=\u00bboff\u00bb button_one_text_size__hover_enabled=\u00bboff\u00bb button_two_text_size__hover_enabled=\u00bboff\u00bb button_text_color__hover_enabled=\u00bboff\u00bb button_one_text_color__hover_enabled=\u00bboff\u00bb button_two_text_color__hover_enabled=\u00bboff\u00bb button_border_width__hover_enabled=\u00bboff\u00bb button_one_border_width__hover_enabled=\u00bboff\u00bb button_two_border_width__hover_enabled=\u00bboff\u00bb button_border_color__hover_enabled=\u00bboff\u00bb button_one_border_color__hover_enabled=\u00bboff\u00bb button_two_border_color__hover_enabled=\u00bboff\u00bb button_border_radius__hover_enabled=\u00bboff\u00bb button_one_border_radius__hover_enabled=\u00bboff\u00bb button_two_border_radius__hover_enabled=\u00bboff\u00bb button_letter_spacing__hover_enabled=\u00bbon\u00bb button_letter_spacing__hover=\u00bb2px\u00bb button_one_letter_spacing__hover_enabled=\u00bboff\u00bb button_two_letter_spacing__hover_enabled=\u00bboff\u00bb button_bg_color__hover_enabled=\u00bboff\u00bb button_one_bg_color__hover_enabled=\u00bboff\u00bb button_two_bg_color__hover_enabled=\u00bboff\u00bb]<\/p>\n<p><span>El hijo de V\u00edctor, Antonio Uckmar, se incorpor\u00f3 al bufete, dedic\u00e1ndose principalmente al derecho internacional de sociedades.<\/span><\/p>\n<p>[\/et_pb_cta][\/et_pb_column][\/et_pb_row][\/et_pb_section][et_pb_section fb_built=\u00bb1&#8243; custom_padding_last_edited=\u00bbon|phone\u00bb _builder_version=\u00bb4.14.7&#8243; _module_preset=\u00bbdefault\u00bb custom_padding=\u00bb||50px|||\u00bb custom_padding_tablet=\u00bb||50px|||\u00bb custom_padding_phone=\u00bb30px||50px||false|false\u00bb locked=\u00bboff\u00bb global_colors_info=\u00bb{}\u00bb][et_pb_row _builder_version=\u00bb4.14.7&#8243; _module_preset=\u00bbdefault\u00bb global_colors_info=\u00bb{}\u00bb][et_pb_column type=\u00bb4_4&#8243; _builder_version=\u00bb4.14.7&#8243; _module_preset=\u00bbdefault\u00bb global_colors_info=\u00bb{}\u00bb][et_pb_text _builder_version=\u00bb4.14.7&#8243; _module_preset=\u00bbdefault\u00bb width=\u00bb80%\u00bb width_tablet=\u00bb80%\u00bb width_phone=\u00bb100%\u00bb width_last_edited=\u00bbon|phone\u00bb global_colors_info=\u00bb{}\u00bb]<\/p>\n<p>El bufete est\u00e1 formado por un grupo articulado de profesionales especializados en diversas \u00e1reas del derecho y la econom\u00eda. Muchos miembros del bufete son designados para impartir clases en universidades e institutos de especializaci\u00f3n y son llamados a formar parte de comisiones t\u00e9cnicas y organizaciones a nivel internacional, entre las que se incluyen: Comisi\u00f3n de Pr\u00e1cticas Comerciales Internacionales, Comisi\u00f3n de Fiscalidad, Comisi\u00f3n de Reglamentos Aduaneros y Comerciales de la C\u00e1mara de Comercio Internacional (CCI), Instituto Latinoamericano de Derecho Tributario, EATLP (Asociaci\u00f3n Europea de Profesores de Derecho Tributario), AIPSDT (Associazione Italiana Professori e Studiosi di Diritto Tributario).<\/p>\n<p>El bufete es miembro fundador de ACBGroup, una red de m\u00e1s de cincuenta despachos profesionales asociados que utiliza el intercambio de conocimientos a trav\u00e9s de foros y comunidades de pr\u00e1ctica para reforzar su oferta de servicios a los clientes. As\u00ed, contin\u00faa la integraci\u00f3n entre actividades profesionales que ha sido, desde su creaci\u00f3n, un rasgo distintivo del bufete en sus oficinas de G\u00e9nova, Mil\u00e1n, Roma y Buenos Aires.<a href=\"Buoenosaires.html\"><\/a><\/p>\n<p>[\/et_pb_text][\/et_pb_column][\/et_pb_row][\/et_pb_section][et_pb_section fb_built=\u00bb1&#8243; theme_builder_area=\u00bbpost_content\u00bb _builder_version=\u00bb4.14.7&#8243; _module_preset=\u00bbdefault\u00bb background_color=\u00bbrgba(216,216,216,0.45)\u00bb hover_enabled=\u00bb0&#8243; sticky_enabled=\u00bb0&#8243;][et_pb_row _builder_version=\u00bb4.14.7&#8243; _module_preset=\u00bbdefault\u00bb theme_builder_area=\u00bbpost_content\u00bb][et_pb_column _builder_version=\u00bb4.14.7&#8243; _module_preset=\u00bbdefault\u00bb type=\u00bb4_4&#8243; theme_builder_area=\u00bbpost_content\u00bb][et_pb_text _builder_version=\u00bb4.14.7&#8243; header_font=\u00bb||||||||\u00bb header_2_font=\u00bb|600|||||||\u00bb header_2_font_size=\u00bb40px\u00bb header_2_line_height=\u00bb1.5em\u00bb max_width=\u00bb500px\u00bb custom_margin=\u00bb|||-38px\u00bb custom_margin_tablet=\u00bb|||-38px\u00bb custom_margin_phone=\u00bb|||0px|false|false\u00bb custom_margin_last_edited=\u00bbon|phone\u00bb custom_padding=\u00bb|||30px\u00bb hover_enabled=\u00bb0&#8243; header_2_font_size_tablet=\u00bb32px\u00bb header_2_font_size_phone=\u00bb22px\u00bb header_2_font_size_last_edited=\u00bbon|phone\u00bb border_color_all=\u00bb#ef3b24&#8243; border_width_left=\u00bb4px\u00bb border_color_left=\u00bb#8A2432&#8243; locked=\u00bboff\u00bb global_colors_info=\u00bb{}\u00bb theme_builder_area=\u00bbpost_content\u00bb sticky_enabled=\u00bb0&#8243;]<\/p>\n<h2>Opiniones<\/h2>\n<p>[\/et_pb_text][et_pb_text _builder_version=\u00bb4.14.7&#8243; width=\u00bb75%\u00bb width_tablet=\u00bb75%\u00bb width_phone=\u00bb100%\u00bb width_last_edited=\u00bbon|tablet\u00bb hover_enabled=\u00bb0&#8243; global_colors_info=\u00bb{}\u00bb locked=\u00bboff\u00bb theme_builder_area=\u00bbpost_content\u00bb sticky_enabled=\u00bb0&#8243;]<\/p>\n<p class=\"titoloarticolo\" itemprop=\"name\"><a href=\"https:\/\/www.primocanale.it\/commenti\/23987-pnrr-gli-affannosi-ritardi-prevedibili-e-la-lezione-del-professor-uckmar.html\" target=\"_blank\" rel=\"noopener\"><a href=\"https:\/\/www.primocanale.it\/commenti\/23987-pnrr-gli-affannosi-ritardi-prevedibili-e-la-lezione-del-professor-uckmar.html\">Pnrr, retrasos previsibles y la lecci\u00f3n del profesor Uckmar<\/a><\/a><\/p>\n<p>[\/et_pb_text][\/et_pb_column][\/et_pb_row][\/et_pb_section]<\/p>\n","protected":false},"excerpt":{"rendered":"<p>El estudioEl bufete en su estructura actual tom\u00f3 forma a partir de finales de los a\u00f1os setenta, cuando reforz\u00f3 su especializaci\u00f3n en derecho internacional y, en particular, en planificaci\u00f3n fiscal, asistiendo no s\u00f3lo a particulares y empresas, sino tambi\u00e9n a gobiernos soberanos. El asesoramiento a los gobiernos de la Rep\u00fablica Popular China y la Uni\u00f3n [&hellip;]<\/p>\n","protected":false},"author":2,"featured_media":0,"parent":0,"menu_order":0,"comment_status":"closed","ping_status":"closed","template":"","meta":{"_et_pb_use_builder":"on","_et_pb_old_content":"","_et_gb_content_width":"","footnotes":""},"class_list":["post-1731","page","type-page","status-publish","hentry"],"yoast_head":"<!-- This site is optimized with the Yoast SEO plugin v27.4 - https:\/\/yoast.com\/product\/yoast-seo-wordpress\/ -->\n<title>Estudio - Studio Uckmar<\/title>\n<meta name=\"description\" content=\"El bufete en su estructura actual tom\u00f3 forma a partir de finales de los a\u00f1os setenta, cuando reforz\u00f3 su especializaci\u00f3n en derecho internacional y, en particular, en planificaci\u00f3n fiscal, asistiendo no s\u00f3lo a particulares y empresas, sino tambi\u00e9n a gobiernos soberanos.\" \/>\n<meta name=\"robots\" content=\"index, follow, max-snippet:-1, max-image-preview:large, max-video-preview:-1\" \/>\n<link rel=\"canonical\" href=\"https:\/\/www.studiouckmar.com\/es\/estudio\/\" \/>\n<meta property=\"og:locale\" content=\"es_ES\" \/>\n<meta property=\"og:type\" content=\"article\" \/>\n<meta property=\"og:title\" content=\"Estudio - Studio Uckmar\" \/>\n<meta property=\"og:description\" content=\"El bufete en su estructura actual tom\u00f3 forma a partir de finales de los a\u00f1os setenta, cuando reforz\u00f3 su especializaci\u00f3n en derecho internacional y, en particular, en planificaci\u00f3n fiscal, asistiendo no s\u00f3lo a particulares y empresas, sino tambi\u00e9n a gobiernos soberanos.\" \/>\n<meta property=\"og:url\" content=\"https:\/\/www.studiouckmar.com\/es\/estudio\/\" \/>\n<meta property=\"og:site_name\" content=\"Studio Uckmar\" \/>\n<meta property=\"article:modified_time\" content=\"2024-10-01T08:00:45+00:00\" \/>\n<meta name=\"twitter:card\" content=\"summary_large_image\" \/>\n<meta name=\"twitter:label1\" content=\"Tiempo de lectura\" \/>\n\t<meta name=\"twitter:data1\" content=\"10 minutos\" \/>\n<script type=\"application\/ld+json\" class=\"yoast-schema-graph\">{\"@context\":\"https:\\\/\\\/schema.org\",\"@graph\":[{\"@type\":\"WebPage\",\"@id\":\"https:\\\/\\\/www.studiouckmar.com\\\/es\\\/estudio\\\/\",\"url\":\"https:\\\/\\\/www.studiouckmar.com\\\/es\\\/estudio\\\/\",\"name\":\"Estudio - Studio Uckmar\",\"isPartOf\":{\"@id\":\"https:\\\/\\\/www.studiouckmar.com\\\/#website\"},\"datePublished\":\"2022-05-06T13:26:08+00:00\",\"dateModified\":\"2024-10-01T08:00:45+00:00\",\"description\":\"El bufete en su estructura actual tom\u00f3 forma a partir de finales de los a\u00f1os setenta, cuando reforz\u00f3 su especializaci\u00f3n en derecho internacional y, en particular, en planificaci\u00f3n fiscal, asistiendo no s\u00f3lo a particulares y empresas, sino tambi\u00e9n a gobiernos soberanos.\",\"breadcrumb\":{\"@id\":\"https:\\\/\\\/www.studiouckmar.com\\\/es\\\/estudio\\\/#breadcrumb\"},\"inLanguage\":\"es\",\"potentialAction\":[{\"@type\":\"ReadAction\",\"target\":[\"https:\\\/\\\/www.studiouckmar.com\\\/es\\\/estudio\\\/\"]}]},{\"@type\":\"BreadcrumbList\",\"@id\":\"https:\\\/\\\/www.studiouckmar.com\\\/es\\\/estudio\\\/#breadcrumb\",\"itemListElement\":[{\"@type\":\"ListItem\",\"position\":1,\"name\":\"Home\",\"item\":\"https:\\\/\\\/www.studiouckmar.com\\\/es\\\/pagina-de-inicio\\\/\"},{\"@type\":\"ListItem\",\"position\":2,\"name\":\"Estudio\"}]},{\"@type\":\"WebSite\",\"@id\":\"https:\\\/\\\/www.studiouckmar.com\\\/#website\",\"url\":\"https:\\\/\\\/www.studiouckmar.com\\\/\",\"name\":\"Studio Uckmar\",\"description\":\"associazione avvocati professionale\",\"potentialAction\":[{\"@type\":\"SearchAction\",\"target\":{\"@type\":\"EntryPoint\",\"urlTemplate\":\"https:\\\/\\\/www.studiouckmar.com\\\/?s={search_term_string}\"},\"query-input\":{\"@type\":\"PropertyValueSpecification\",\"valueRequired\":true,\"valueName\":\"search_term_string\"}}],\"inLanguage\":\"es\"}]}<\/script>\n<!-- \/ Yoast SEO plugin. -->","yoast_head_json":{"title":"Estudio - Studio Uckmar","description":"El bufete en su estructura actual tom\u00f3 forma a partir de finales de los a\u00f1os setenta, cuando reforz\u00f3 su especializaci\u00f3n en derecho internacional y, en particular, en planificaci\u00f3n fiscal, asistiendo no s\u00f3lo a particulares y empresas, sino tambi\u00e9n a gobiernos soberanos.","robots":{"index":"index","follow":"follow","max-snippet":"max-snippet:-1","max-image-preview":"max-image-preview:large","max-video-preview":"max-video-preview:-1"},"canonical":"https:\/\/www.studiouckmar.com\/es\/estudio\/","og_locale":"es_ES","og_type":"article","og_title":"Estudio - Studio Uckmar","og_description":"El bufete en su estructura actual tom\u00f3 forma a partir de finales de los a\u00f1os setenta, cuando reforz\u00f3 su especializaci\u00f3n en derecho internacional y, en particular, en planificaci\u00f3n fiscal, asistiendo no s\u00f3lo a particulares y empresas, sino tambi\u00e9n a gobiernos soberanos.","og_url":"https:\/\/www.studiouckmar.com\/es\/estudio\/","og_site_name":"Studio Uckmar","article_modified_time":"2024-10-01T08:00:45+00:00","twitter_card":"summary_large_image","twitter_misc":{"Tiempo de lectura":"10 minutos"},"schema":{"@context":"https:\/\/schema.org","@graph":[{"@type":"WebPage","@id":"https:\/\/www.studiouckmar.com\/es\/estudio\/","url":"https:\/\/www.studiouckmar.com\/es\/estudio\/","name":"Estudio - Studio Uckmar","isPartOf":{"@id":"https:\/\/www.studiouckmar.com\/#website"},"datePublished":"2022-05-06T13:26:08+00:00","dateModified":"2024-10-01T08:00:45+00:00","description":"El bufete en su estructura actual tom\u00f3 forma a partir de finales de los a\u00f1os setenta, cuando reforz\u00f3 su especializaci\u00f3n en derecho internacional y, en particular, en planificaci\u00f3n fiscal, asistiendo no s\u00f3lo a particulares y empresas, sino tambi\u00e9n a gobiernos soberanos.","breadcrumb":{"@id":"https:\/\/www.studiouckmar.com\/es\/estudio\/#breadcrumb"},"inLanguage":"es","potentialAction":[{"@type":"ReadAction","target":["https:\/\/www.studiouckmar.com\/es\/estudio\/"]}]},{"@type":"BreadcrumbList","@id":"https:\/\/www.studiouckmar.com\/es\/estudio\/#breadcrumb","itemListElement":[{"@type":"ListItem","position":1,"name":"Home","item":"https:\/\/www.studiouckmar.com\/es\/pagina-de-inicio\/"},{"@type":"ListItem","position":2,"name":"Estudio"}]},{"@type":"WebSite","@id":"https:\/\/www.studiouckmar.com\/#website","url":"https:\/\/www.studiouckmar.com\/","name":"Studio Uckmar","description":"associazione avvocati professionale","potentialAction":[{"@type":"SearchAction","target":{"@type":"EntryPoint","urlTemplate":"https:\/\/www.studiouckmar.com\/?s={search_term_string}"},"query-input":{"@type":"PropertyValueSpecification","valueRequired":true,"valueName":"search_term_string"}}],"inLanguage":"es"}]}},"_links":{"self":[{"href":"https:\/\/www.studiouckmar.com\/es\/wp-json\/wp\/v2\/pages\/1731","targetHints":{"allow":["GET"]}}],"collection":[{"href":"https:\/\/www.studiouckmar.com\/es\/wp-json\/wp\/v2\/pages"}],"about":[{"href":"https:\/\/www.studiouckmar.com\/es\/wp-json\/wp\/v2\/types\/page"}],"author":[{"embeddable":true,"href":"https:\/\/www.studiouckmar.com\/es\/wp-json\/wp\/v2\/users\/2"}],"replies":[{"embeddable":true,"href":"https:\/\/www.studiouckmar.com\/es\/wp-json\/wp\/v2\/comments?post=1731"}],"version-history":[{"count":11,"href":"https:\/\/www.studiouckmar.com\/es\/wp-json\/wp\/v2\/pages\/1731\/revisions"}],"predecessor-version":[{"id":2321,"href":"https:\/\/www.studiouckmar.com\/es\/wp-json\/wp\/v2\/pages\/1731\/revisions\/2321"}],"wp:attachment":[{"href":"https:\/\/www.studiouckmar.com\/es\/wp-json\/wp\/v2\/media?parent=1731"}],"curies":[{"name":"wp","href":"https:\/\/api.w.org\/{rel}","templated":true}]}}