{"id":1773,"date":"2022-05-06T15:27:20","date_gmt":"2022-05-06T13:27:20","guid":{"rendered":"https:\/\/www.studiouckmar.com\/area-de-actividad\/"},"modified":"2023-03-17T11:55:08","modified_gmt":"2023-03-17T10:55:08","slug":"area-de-actividad","status":"publish","type":"page","link":"https:\/\/www.studiouckmar.com\/es\/area-de-actividad\/","title":{"rendered":"\u00c1rea de actividad"},"content":{"rendered":"\n[et_pb_section fb_built=\u00bb1&#8243; admin_label=\u00bbHero\u00bb _builder_version=\u00bb4.14.7&#8243; use_background_color_gradient=\u00bbon\u00bb background_color_gradient_start=\u00bbrgba(10,10,10,0.47)\u00bb background_color_gradient_end=\u00bbrgba(216,216,216,0)\u00bb background_color_gradient_type=\u00bbradial\u00bb background_color_gradient_direction_radial=\u00bbtop left\u00bb background_color_gradient_overlays_image=\u00bbon\u00bb background_image=\u00bbhttps:\/\/www.studiouckmar.com\/wp-content\/uploads\/2022\/11\/Studio-Uckmar-1-scaled.jpg\u00bb custom_margin=\u00bb||||false\u00bb custom_padding=\u00bb10vw||10vw||true|false\u00bb locked=\u00bboff\u00bb global_colors_info=\u00bb{}\u00bb][et_pb_row column_structure=\u00bb2_3,1_3&#8243; _builder_version=\u00bb4.14.7&#8243; global_colors_info=\u00bb{}\u00bb][et_pb_column type=\u00bb2_3&#8243; _builder_version=\u00bb3.25&#8243; custom_padding=\u00bb|||\u00bb global_colors_info=\u00bb{}\u00bb custom_padding__hover=\u00bb|||\u00bb][et_pb_text _builder_version=\u00bb4.14.7&#8243; text_font=\u00bb||||||||\u00bb header_font=\u00bb|700|||||||\u00bb header_font_size=\u00bb40px\u00bb header_line_height=\u00bb1.1em\u00bb background_layout=\u00bbdark\u00bb max_width=\u00bb800px\u00bb custom_margin=\u00bb||0px|\u00bb custom_padding=\u00bb|||16px\u00bb header_font_size_tablet=\u00bb44px\u00bb header_font_size_phone=\u00bb32px\u00bb header_font_size_last_edited=\u00bbon|phone\u00bb border_color_all=\u00bb#8A2432&#8243; border_width_left=\u00bb4px\u00bb global_colors_info=\u00bb{}\u00bb]<h1>Actividades<\/h1>[\/et_pb_text][\/et_pb_column][et_pb_column type=\u00bb1_3&#8243; disabled_on=\u00bbon|on|off\u00bb _builder_version=\u00bb4.14.7&#8243; custom_padding=\u00bb|||\u00bb global_colors_info=\u00bb{}\u00bb custom_padding__hover=\u00bb|||\u00bb][\/et_pb_column][\/et_pb_row][\/et_pb_section][et_pb_section fb_built=\u00bb1&#8243; custom_padding_last_edited=\u00bbon|phone\u00bb admin_label=\u00bbPractice Section\u00bb _builder_version=\u00bb4.14.7&#8243; custom_padding=\u00bb66px||110px|||\u00bb custom_padding_tablet=\u00bb66px||110px|||\u00bb custom_padding_phone=\u00bb66px||60px||false|false\u00bb global_colors_info=\u00bb{}\u00bb][et_pb_row admin_label=\u00bbCuotas de zona\u00bb _builder_version=\u00bb3.25&#8243; animation_style=\u00bbslide\u00bb animation_direction=\u00bbright\u00bb animation_intensity_slide=\u00bb2%\u00bb global_colors_info=\u00bb{}\u00bb][et_pb_column type=\u00bb4_4&#8243; _builder_version=\u00bb3.25&#8243; custom_padding=\u00bb|||\u00bb global_colors_info=\u00bb{}\u00bb custom_padding__hover=\u00bb|||\u00bb][et_pb_text _builder_version=\u00bb4.14.7&#8243; text_font=\u00bb||||||||\u00bb text_font_size=\u00bb18px\u00bb text_letter_spacing=\u00bb1px\u00bb text_line_height=\u00bb1.8em\u00bb header_font=\u00bb||||||||\u00bb max_width=\u00bb700px\u00bb module_alignment=\u00bbcenter\u00bb custom_margin=\u00bb|||\u00bb custom_padding=\u00bb|||30px\u00bb custom_padding_tablet=\u00bb|||30px\u00bb custom_padding_phone=\u00bb|||0px|false|false\u00bb custom_padding_last_edited=\u00bbon|phone\u00bb animation_style=\u00bbflip\u00bb animation_intensity_flip=\u00bb5%\u00bb animation_starting_opacity=\u00bb100%\u00bb text_font_size_tablet=\u00bb18px\u00bb text_font_size_phone=\u00bb16px\u00bb text_font_size_last_edited=\u00bbon|phone\u00bb border_color_all=\u00bb#FFFFFF\u00bb border_width_left=\u00bb10px\u00bb global_colors_info=\u00bb{}\u00bb]<p><span>El bufete presta asistencia principalmente en las \u00e1reas de derecho fiscal nacional e internacional, derecho civil, mercantil, societario y administrativo.<br>El bufete presta asistencia en arbitrajes tanto en Italia como en el extranjero.<br>El bufete ofrece una s\u00f3lida formaci\u00f3n jur\u00eddica a los j\u00f3venes que est\u00e1n a punto de acceder a la profesi\u00f3n, entre otras cosas mediante la participaci\u00f3n en las reuniones semanales de redacci\u00f3n de Diritto e Pratica Tributaria.<\/span><\/p>[\/et_pb_text][\/et_pb_column][\/et_pb_row][et_pb_row admin_label=\u00bb\u00c1rea de pr\u00e1ctica\u00bb _builder_version=\u00bb3.25&#8243; custom_padding=\u00bb0px|||||\u00bb locked=\u00bboff\u00bb global_colors_info=\u00bb{}\u00bb][et_pb_column type=\u00bb4_4&#8243; _builder_version=\u00bb3.25&#8243; custom_padding=\u00bb|||\u00bb global_colors_info=\u00bb{}\u00bb custom_padding__hover=\u00bb|||\u00bb][et_pb_divider color=\u00bb#CCA876&#8243; divider_position=\u00bbcenter\u00bb divider_weight=\u00bb3px\u00bb _builder_version=\u00bb4.14.7&#8243; max_width=\u00bb70px\u00bb module_alignment=\u00bbcenter\u00bb animation_style=\u00bbslide\u00bb animation_direction=\u00bbtop\u00bb animation_intensity_slide=\u00bb10%\u00bb animation_starting_opacity=\u00bb100%\u00bb global_colors_info=\u00bb{}\u00bb][\/et_pb_divider][\/et_pb_column][\/et_pb_row][\/et_pb_section]\n","protected":false},"excerpt":{"rendered":"<p>ActividadesEl bufete presta asistencia principalmente en las \u00e1reas de derecho fiscal nacional e internacional, derecho civil, mercantil, societario y administrativo.El bufete presta asistencia en arbitrajes tanto en Italia como en el extranjero.El bufete ofrece una s\u00f3lida formaci\u00f3n jur\u00eddica a los j\u00f3venes que est\u00e1n a punto de acceder a la profesi\u00f3n, entre otras cosas mediante la [&hellip;]<\/p>\n","protected":false},"author":2,"featured_media":0,"parent":0,"menu_order":0,"comment_status":"closed","ping_status":"closed","template":"","meta":{"_et_pb_use_builder":"on","_et_pb_old_content":"","_et_gb_content_width":"","footnotes":""},"class_list":["post-1773","page","type-page","status-publish","hentry"],"yoast_head":"<!-- This site is optimized with the Yoast SEO plugin v27.4 - https:\/\/yoast.com\/product\/yoast-seo-wordpress\/ -->\n<title>\u00c1rea de actividad - Studio Uckmar<\/title>\n<meta name=\"description\" content=\"El bufete presta asistencia principalmente en las \u00e1reas de derecho fiscal nacional e internacional, derecho civil, mercantil, societario y administrativo. El bufete presta asistencia en arbitrajes tanto en Italia como en el extranjero.\" \/>\n<meta name=\"robots\" content=\"index, follow, max-snippet:-1, max-image-preview:large, max-video-preview:-1\" \/>\n<link rel=\"canonical\" href=\"https:\/\/www.studiouckmar.com\/es\/area-de-actividad\/\" \/>\n<meta property=\"og:locale\" content=\"es_ES\" \/>\n<meta property=\"og:type\" content=\"article\" \/>\n<meta property=\"og:title\" content=\"\u00c1rea de actividad - Studio Uckmar\" \/>\n<meta property=\"og:description\" content=\"El bufete presta asistencia principalmente en las \u00e1reas de derecho fiscal nacional e internacional, derecho civil, mercantil, societario y administrativo. El bufete presta asistencia en arbitrajes tanto en Italia como en el extranjero.\" \/>\n<meta property=\"og:url\" content=\"https:\/\/www.studiouckmar.com\/es\/area-de-actividad\/\" \/>\n<meta property=\"og:site_name\" content=\"Studio Uckmar\" \/>\n<meta property=\"article:modified_time\" content=\"2023-03-17T10:55:08+00:00\" \/>\n<meta name=\"twitter:card\" content=\"summary_large_image\" \/>\n<meta name=\"twitter:label1\" content=\"Tiempo de lectura\" \/>\n\t<meta name=\"twitter:data1\" content=\"3 minutos\" \/>\n<script type=\"application\/ld+json\" class=\"yoast-schema-graph\">{\"@context\":\"https:\\\/\\\/schema.org\",\"@graph\":[{\"@type\":\"WebPage\",\"@id\":\"https:\\\/\\\/www.studiouckmar.com\\\/es\\\/area-de-actividad\\\/\",\"url\":\"https:\\\/\\\/www.studiouckmar.com\\\/es\\\/area-de-actividad\\\/\",\"name\":\"\u00c1rea de actividad - Studio Uckmar\",\"isPartOf\":{\"@id\":\"https:\\\/\\\/www.studiouckmar.com\\\/#website\"},\"datePublished\":\"2022-05-06T13:27:20+00:00\",\"dateModified\":\"2023-03-17T10:55:08+00:00\",\"description\":\"El bufete presta asistencia principalmente en las \u00e1reas de derecho fiscal nacional e internacional, derecho civil, mercantil, societario y administrativo. El bufete presta asistencia en arbitrajes tanto en Italia como en el extranjero.\",\"breadcrumb\":{\"@id\":\"https:\\\/\\\/www.studiouckmar.com\\\/es\\\/area-de-actividad\\\/#breadcrumb\"},\"inLanguage\":\"es\",\"potentialAction\":[{\"@type\":\"ReadAction\",\"target\":[\"https:\\\/\\\/www.studiouckmar.com\\\/es\\\/area-de-actividad\\\/\"]}]},{\"@type\":\"BreadcrumbList\",\"@id\":\"https:\\\/\\\/www.studiouckmar.com\\\/es\\\/area-de-actividad\\\/#breadcrumb\",\"itemListElement\":[{\"@type\":\"ListItem\",\"position\":1,\"name\":\"Home\",\"item\":\"https:\\\/\\\/www.studiouckmar.com\\\/es\\\/pagina-de-inicio\\\/\"},{\"@type\":\"ListItem\",\"position\":2,\"name\":\"\u00c1rea de actividad\"}]},{\"@type\":\"WebSite\",\"@id\":\"https:\\\/\\\/www.studiouckmar.com\\\/#website\",\"url\":\"https:\\\/\\\/www.studiouckmar.com\\\/\",\"name\":\"Studio Uckmar\",\"description\":\"associazione avvocati professionale\",\"potentialAction\":[{\"@type\":\"SearchAction\",\"target\":{\"@type\":\"EntryPoint\",\"urlTemplate\":\"https:\\\/\\\/www.studiouckmar.com\\\/?s={search_term_string}\"},\"query-input\":{\"@type\":\"PropertyValueSpecification\",\"valueRequired\":true,\"valueName\":\"search_term_string\"}}],\"inLanguage\":\"es\"}]}<\/script>\n<!-- \/ Yoast SEO plugin. -->","yoast_head_json":{"title":"\u00c1rea de actividad - Studio Uckmar","description":"El bufete presta asistencia principalmente en las \u00e1reas de derecho fiscal nacional e internacional, derecho civil, mercantil, societario y administrativo. El bufete presta asistencia en arbitrajes tanto en Italia como en el extranjero.","robots":{"index":"index","follow":"follow","max-snippet":"max-snippet:-1","max-image-preview":"max-image-preview:large","max-video-preview":"max-video-preview:-1"},"canonical":"https:\/\/www.studiouckmar.com\/es\/area-de-actividad\/","og_locale":"es_ES","og_type":"article","og_title":"\u00c1rea de actividad - Studio Uckmar","og_description":"El bufete presta asistencia principalmente en las \u00e1reas de derecho fiscal nacional e internacional, derecho civil, mercantil, societario y administrativo. El bufete presta asistencia en arbitrajes tanto en Italia como en el extranjero.","og_url":"https:\/\/www.studiouckmar.com\/es\/area-de-actividad\/","og_site_name":"Studio Uckmar","article_modified_time":"2023-03-17T10:55:08+00:00","twitter_card":"summary_large_image","twitter_misc":{"Tiempo de lectura":"3 minutos"},"schema":{"@context":"https:\/\/schema.org","@graph":[{"@type":"WebPage","@id":"https:\/\/www.studiouckmar.com\/es\/area-de-actividad\/","url":"https:\/\/www.studiouckmar.com\/es\/area-de-actividad\/","name":"\u00c1rea de actividad - Studio Uckmar","isPartOf":{"@id":"https:\/\/www.studiouckmar.com\/#website"},"datePublished":"2022-05-06T13:27:20+00:00","dateModified":"2023-03-17T10:55:08+00:00","description":"El bufete presta asistencia principalmente en las \u00e1reas de derecho fiscal nacional e internacional, derecho civil, mercantil, societario y administrativo. El bufete presta asistencia en arbitrajes tanto en Italia como en el extranjero.","breadcrumb":{"@id":"https:\/\/www.studiouckmar.com\/es\/area-de-actividad\/#breadcrumb"},"inLanguage":"es","potentialAction":[{"@type":"ReadAction","target":["https:\/\/www.studiouckmar.com\/es\/area-de-actividad\/"]}]},{"@type":"BreadcrumbList","@id":"https:\/\/www.studiouckmar.com\/es\/area-de-actividad\/#breadcrumb","itemListElement":[{"@type":"ListItem","position":1,"name":"Home","item":"https:\/\/www.studiouckmar.com\/es\/pagina-de-inicio\/"},{"@type":"ListItem","position":2,"name":"\u00c1rea de actividad"}]},{"@type":"WebSite","@id":"https:\/\/www.studiouckmar.com\/#website","url":"https:\/\/www.studiouckmar.com\/","name":"Studio Uckmar","description":"associazione avvocati professionale","potentialAction":[{"@type":"SearchAction","target":{"@type":"EntryPoint","urlTemplate":"https:\/\/www.studiouckmar.com\/?s={search_term_string}"},"query-input":{"@type":"PropertyValueSpecification","valueRequired":true,"valueName":"search_term_string"}}],"inLanguage":"es"}]}},"_links":{"self":[{"href":"https:\/\/www.studiouckmar.com\/es\/wp-json\/wp\/v2\/pages\/1773","targetHints":{"allow":["GET"]}}],"collection":[{"href":"https:\/\/www.studiouckmar.com\/es\/wp-json\/wp\/v2\/pages"}],"about":[{"href":"https:\/\/www.studiouckmar.com\/es\/wp-json\/wp\/v2\/types\/page"}],"author":[{"embeddable":true,"href":"https:\/\/www.studiouckmar.com\/es\/wp-json\/wp\/v2\/users\/2"}],"replies":[{"embeddable":true,"href":"https:\/\/www.studiouckmar.com\/es\/wp-json\/wp\/v2\/comments?post=1773"}],"version-history":[{"count":1,"href":"https:\/\/www.studiouckmar.com\/es\/wp-json\/wp\/v2\/pages\/1773\/revisions"}],"predecessor-version":[{"id":1774,"href":"https:\/\/www.studiouckmar.com\/es\/wp-json\/wp\/v2\/pages\/1773\/revisions\/1774"}],"wp:attachment":[{"href":"https:\/\/www.studiouckmar.com\/es\/wp-json\/wp\/v2\/media?parent=1773"}],"curies":[{"name":"wp","href":"https:\/\/api.w.org\/{rel}","templated":true}]}}