{"id":1782,"date":"2022-05-06T15:25:35","date_gmt":"2022-05-06T13:25:35","guid":{"rendered":"https:\/\/www.studiouckmar.com\/historia\/"},"modified":"2023-03-17T11:55:11","modified_gmt":"2023-03-17T10:55:11","slug":"historia","status":"publish","type":"page","link":"https:\/\/www.studiouckmar.com\/es\/historia\/","title":{"rendered":"Historia"},"content":{"rendered":"\n[et_pb_section fb_built=\u00bb1&#8243; admin_label=\u00bbHero\u00bb _builder_version=\u00bb4.14.7&#8243; use_background_color_gradient=\u00bbon\u00bb background_color_gradient_start=\u00bbrgba(10,10,10,0.47)\u00bb background_color_gradient_end=\u00bbrgba(216,216,216,0)\u00bb background_color_gradient_type=\u00bbradial\u00bb background_color_gradient_direction_radial=\u00bbtop left\u00bb background_color_gradient_overlays_image=\u00bbon\u00bb background_image=\u00bbhttps:\/\/www.studiouckmar.com\/wp-content\/uploads\/2022\/11\/studio-uckmar-7-scaled.jpg\u00bb custom_margin=\u00bb||||false\u00bb custom_padding=\u00bb10vw||10vw||true|false\u00bb hover_enabled=\u00bb0&#8243; global_colors_info=\u00bb{}\u00bb background_position=\u00bbcenter_left\u00bb sticky_enabled=\u00bb0&#8243;][et_pb_row column_structure=\u00bb2_3,1_3&#8243; _builder_version=\u00bb4.14.7&#8243; global_colors_info=\u00bb{}\u00bb locked=\u00bboff\u00bb custom_padding=\u00bb60px|||||\u00bb][et_pb_column type=\u00bb2_3&#8243; _builder_version=\u00bb3.25&#8243; custom_padding=\u00bb|||\u00bb global_colors_info=\u00bb{}\u00bb custom_padding__hover=\u00bb|||\u00bb][et_pb_text _builder_version=\u00bb4.14.7&#8243; text_font=\u00bb||||||||\u00bb header_font=\u00bb|700|||||||\u00bb header_font_size=\u00bb40px\u00bb header_line_height=\u00bb1.1em\u00bb background_layout=\u00bbdark\u00bb max_width=\u00bb800px\u00bb custom_margin=\u00bb||0px|\u00bb custom_padding=\u00bb|||16px\u00bb hover_enabled=\u00bb0&#8243; text_font_size_tablet=\u00bb14px\u00bb text_font_size_last_edited=\u00bboff|desktop\u00bb header_font_size_tablet=\u00bb44px\u00bb header_font_size_phone=\u00bb32px\u00bb header_font_size_last_edited=\u00bbon|phone\u00bb border_color_all=\u00bb#8A2432&#8243; border_width_left=\u00bb4px\u00bb global_colors_info=\u00bb{}\u00bb sticky_enabled=\u00bb0&#8243;]<h1>Historia<\/h1>[\/et_pb_text][\/et_pb_column][et_pb_column type=\u00bb1_3&#8243; disabled_on=\u00bbon|on|off\u00bb _builder_version=\u00bb4.14.7&#8243; custom_padding=\u00bb|||\u00bb global_colors_info=\u00bb{}\u00bb custom_padding__hover=\u00bb|||\u00bb][\/et_pb_column][\/et_pb_row][\/et_pb_section][et_pb_section fb_built=\u00bb1&#8243; custom_padding_last_edited=\u00bbon|phone\u00bb admin_label=\u00bbAbout\u00bb _builder_version=\u00bb4.14.7&#8243; custom_margin=\u00bb||0px||false|false\u00bb custom_padding=\u00bb60px||4px|||\u00bb custom_padding_tablet=\u00bb60px||4px|||\u00bb custom_padding_phone=\u00bb60px||0px||false|false\u00bb global_colors_info=\u00bb{}\u00bb][et_pb_row column_structure=\u00bb3_5,2_5&#8243; _builder_version=\u00bb4.14.7&#8243; custom_margin=\u00bb0px||0px||false|false\u00bb custom_padding=\u00bb0px||1px||false|false\u00bb global_colors_info=\u00bb{}\u00bb][et_pb_column type=\u00bb3_5&#8243; _builder_version=\u00bb3.25&#8243; custom_padding=\u00bb|||\u00bb global_colors_info=\u00bb{}\u00bb custom_padding__hover=\u00bb|||\u00bb][et_pb_text _builder_version=\u00bb4.14.7&#8243; text_font=\u00bb||||||||\u00bb text_font_size=\u00bb18px\u00bb custom_margin_tablet=\u00bb\u00bb custom_margin_phone=\u00bb||0px||false|false\u00bb custom_margin_last_edited=\u00bbon|phone\u00bb custom_padding_tablet=\u00bb\u00bb custom_padding_phone=\u00bb||0px||false|false\u00bb custom_padding_last_edited=\u00bbon|phone\u00bb text_font_size_tablet=\u00bb\u00bb text_font_size_phone=\u00bb14px\u00bb text_font_size_last_edited=\u00bbon|phone\u00bb locked=\u00bboff\u00bb global_colors_info=\u00bb{}\u00bb]<p class=\"p1\">Studio Uckmar Associazione Professionale, fue fundado en G\u00e9nova en 1922 por Antonio Uckmar, por lo que cuenta con <strong>100<\/strong> a\u00f1os de historia.<\/p>[\/et_pb_text][\/et_pb_column][et_pb_column type=\u00bb2_5&#8243; _builder_version=\u00bb3.25&#8243; custom_padding=\u00bb|||\u00bb global_colors_info=\u00bb{}\u00bb custom_padding__hover=\u00bb|||\u00bb][\/et_pb_column][\/et_pb_row][\/et_pb_section][et_pb_section fb_built=\u00bb1&#8243; _builder_version=\u00bb4.14.7&#8243; _module_preset=\u00bbdefault\u00bb custom_padding=\u00bb2px||4px|||\u00bb global_colors_info=\u00bb{}\u00bb][et_pb_row _builder_version=\u00bb4.14.7&#8243; _module_preset=\u00bbdefault\u00bb custom_margin=\u00bb|auto|60px|auto||\u00bb custom_padding=\u00bb30px||0px|||\u00bb global_colors_info=\u00bb{}\u00bb][et_pb_column type=\u00bb4_4&#8243; _builder_version=\u00bb4.14.7&#8243; _module_preset=\u00bbdefault\u00bb global_colors_info=\u00bb{}\u00bb][et_pb_divider color=\u00bb#CCA876&#8243; divider_weight=\u00bb1px\u00bb _builder_version=\u00bb4.14.7&#8243; _module_preset=\u00bbdefault\u00bb custom_margin=\u00bb||12px|||\u00bb custom_padding=\u00bb2px||1px|||\u00bb global_colors_info=\u00bb{}\u00bb][\/et_pb_divider][et_pb_text _builder_version=\u00bb4.14.7&#8243; _module_preset=\u00bbdefault\u00bb width=\u00bb75%\u00bb width_tablet=\u00bb75%\u00bb width_phone=\u00bb100%\u00bb width_last_edited=\u00bbon|phone\u00bb custom_margin=\u00bb||70px|||\u00bb global_colors_info=\u00bb{}\u00bb]<p class=\"p1\">Justo despu\u00e9s de la Primera Guerra Mundial, Antonio Uckmar se dedic\u00f3 al derecho paralelamente a sus actividades acad\u00e9micas. Una obra fundamental es su \u00abDerecho registral\u00bb, publicado en 1924.<br>En 1926 fund\u00f3 la revista \u00abDiritto e Pratica Tributaria\u00bb (Derecho y Pr\u00e1ctica Tributaria), en una \u00e9poca en la que el derecho tributario tambi\u00e9n estaba en pa\u00f1ales en la profesi\u00f3n jur\u00eddica. Antonio Uckmar tambi\u00e9n inici\u00f3 la creaci\u00f3n de una biblioteca especializada en derecho fiscal, que actualmente consta de m\u00e1s de 20.000 vol\u00famenes.<\/p>\n<p class=\"p1\">Tras la Segunda Guerra Mundial, se produjo un aumento de la presi\u00f3n fiscal y una mayor complejidad de las normativas fiscales, como consecuencia de la transici\u00f3n de una econom\u00eda agr\u00edcola a una industrial y comercial. En este contexto, desde 1946, la empresa ha experimentado un desarrollo considerable debido a la demanda cada vez m\u00e1s amplia y apremiante de asistencia por parte de empresas y particulares.<br>Antonio Uckmar, profesor de la Universidad de G\u00e9nova desde 1930, advirti\u00f3 en varias ocasiones que, para tratar cuestiones fiscales, es indispensable un conocimiento profundo de otras ramas del derecho: gracias a este enfoque, las filas de colaboradores se han ampliado a lo largo de los a\u00f1os y las actividades del bufete se han extendido a diversas ramas del derecho civil, mercantil y administrativo.<\/p>\n<p class=\"p1\">En 1947, su hijo V\u00edctor se incorpor\u00f3 al bufete. Posteriormente fue profesor em\u00e9rito de la Universidad de G\u00e9nova, profesor contratado de la Universidad de Bolonia y de la Universidad Luiss de Derecho Fiscal Internacional, presidente del Centro de Investigaci\u00f3n sobre el Impuesto de Sociedades (CERTI) de la Universit\u00e0 Commerciale Luigi Bocconi, director del Instituto de Derecho de la Universidad Cat\u00f3lica de Salta (Argentina) y profesor honoris causa de la Universidad de Buenos Aires.<\/p>\n<p>Es imposible resumir aqu\u00ed los cargos que ocup\u00f3 el profesor Victor Uckmar en revistas cient\u00edficas, comit\u00e9s y organizaciones de investigaci\u00f3n, asociaciones profesionales, empresas italianas, extranjeras y multinacionales, bancos y compa\u00f1\u00edas de seguros o, en otras palabras, el papel que desempe\u00f1\u00f3 en el desarrollo del derecho fiscal, en Italia y en todo el mundo, como tampoco podemos contar los alumnos que, en los cuatro rincones del planeta, contin\u00faan hoy sus ense\u00f1anzas y atesoran su imborrable recuerdo.<\/p>[\/et_pb_text][et_pb_image src=\u00bbhttps:\/\/www.studiouckmar.com\/wp-content\/uploads\/2022\/05\/libri.png\u00bb title_text=\u00bblibros\u00bb _builder_version=\u00bb4.14.7&#8243; _module_preset=\u00bbdefault\u00bb width=\u00bb22%\u00bb width_tablet=\u00bb22%\u00bb width_phone=\u00bb56%\u00bb width_last_edited=\u00bbon|phone\u00bb global_colors_info=\u00bb{}\u00bb][\/et_pb_image][et_pb_text _builder_version=\u00bb4.14.7&#8243; header_font=\u00bb||||||||\u00bb header_2_font=\u00bb|600|||||||\u00bb header_2_font_size=\u00bb40px\u00bb header_2_line_height=\u00bb1.5em\u00bb max_width=\u00bb500px\u00bb custom_margin=\u00bb|||-38px\u00bb custom_margin_tablet=\u00bb|||-38px\u00bb custom_margin_phone=\u00bb|||0px|false|false\u00bb custom_margin_last_edited=\u00bbon|phone\u00bb custom_padding=\u00bb|||30px\u00bb header_2_font_size_tablet=\u00bb32px\u00bb header_2_font_size_phone=\u00bb22px\u00bb header_2_font_size_last_edited=\u00bbon|phone\u00bb border_color_all=\u00bb#ef3b24&#8243; border_width_left=\u00bb4px\u00bb border_color_left=\u00bb#8A2432&#8243; locked=\u00bboff\u00bb global_colors_info=\u00bb{}\u00bb]<h2>Tradici\u00f3n<\/h2>[\/et_pb_text][et_pb_text _builder_version=\u00bb4.14.7&#8243; width=\u00bb75%\u00bb width_tablet=\u00bb75%\u00bb width_phone=\u00bb100%\u00bb width_last_edited=\u00bbon|tablet\u00bb global_colors_info=\u00bb{}\u00bb]<p>Studio Uckmar ha recuperado de las tradiciones seculares de la G\u00e9nova de comerciantes y banqueros el compromiso con el trabajo, la apertura internacional y la necesidad de responder a los cambios del mercado. A su vez, el bufete ha proporcionado un ejemplo de cultura y pr\u00e1ctica forense caracterizada por un profundo rigor \u00e9tico y una especial sensibilidad hacia los contextos econ\u00f3micos y sociales. Este enfoque tambi\u00e9n se ha plasmado en un compromiso permanente con la formaci\u00f3n de varias generaciones de profesionales, que se tradujo en la creaci\u00f3n de la Fundaci\u00f3n Antonio Uckmar en 1999.<\/p>\n<p>La Fundaci\u00f3n pretende continuar la labor de Antonio y Victor Uckmar promoviendo la investigaci\u00f3n y los estudios en derecho fiscal en su memoria. Adem\u00e1s, la Fundaci\u00f3n edita y promueve las dos revistas \u00abDiritto e Pratica Tributaria\u00bb (1926) y \u00abDiritto e Pratica Tributaria Internazionale\u00bb (1999) de las que Victor Uckmar fue director hasta 2016 y que ahora editan y gestionan sus alumnos.<\/p>[\/et_pb_text][\/et_pb_column][\/et_pb_row][\/et_pb_section]\n","protected":false},"excerpt":{"rendered":"<p>HistoriaStudio Uckmar Associazione Professionale, fue fundado en G\u00e9nova en 1922 por Antonio Uckmar, por lo que cuenta con 100 a\u00f1os de historia.Justo despu\u00e9s de la Primera Guerra Mundial, Antonio Uckmar se dedic\u00f3 al derecho paralelamente a sus actividades acad\u00e9micas. Una obra fundamental es su \u00abDerecho registral\u00bb, publicado en 1924.En 1926 fund\u00f3 la revista \u00abDiritto e [&hellip;]<\/p>\n","protected":false},"author":2,"featured_media":0,"parent":0,"menu_order":0,"comment_status":"closed","ping_status":"closed","template":"","meta":{"_et_pb_use_builder":"on","_et_pb_old_content":"","_et_gb_content_width":"","footnotes":""},"class_list":["post-1782","page","type-page","status-publish","hentry"],"yoast_head":"<!-- This site is optimized with the Yoast SEO plugin v27.5 - https:\/\/yoast.com\/product\/yoast-seo-wordpress\/ -->\n<title>Historia - Studio Uckmar<\/title>\n<meta name=\"description\" content=\"Studio Uckmar Associazione Professionale, fue fundado en G\u00e9nova en 1922 por Antonio Uckmar, por lo que cuenta con 100 a\u00f1os de historia.\" \/>\n<meta name=\"robots\" content=\"index, follow, max-snippet:-1, max-image-preview:large, max-video-preview:-1\" \/>\n<link rel=\"canonical\" href=\"https:\/\/www.studiouckmar.com\/es\/historia\/\" \/>\n<meta property=\"og:locale\" content=\"es_ES\" \/>\n<meta property=\"og:type\" content=\"article\" \/>\n<meta property=\"og:title\" content=\"Historia - Studio Uckmar\" \/>\n<meta property=\"og:description\" content=\"Studio Uckmar Associazione Professionale, fue fundado en G\u00e9nova en 1922 por Antonio Uckmar, por lo que cuenta con 100 a\u00f1os de historia.\" \/>\n<meta property=\"og:url\" content=\"https:\/\/www.studiouckmar.com\/es\/historia\/\" \/>\n<meta property=\"og:site_name\" content=\"Studio Uckmar\" \/>\n<meta property=\"article:modified_time\" content=\"2023-03-17T10:55:11+00:00\" \/>\n<meta name=\"twitter:card\" content=\"summary_large_image\" \/>\n<meta name=\"twitter:label1\" content=\"Tiempo de lectura\" \/>\n\t<meta name=\"twitter:data1\" content=\"6 minutos\" \/>\n<script type=\"application\/ld+json\" class=\"yoast-schema-graph\">{\"@context\":\"https:\\\/\\\/schema.org\",\"@graph\":[{\"@type\":\"WebPage\",\"@id\":\"https:\\\/\\\/www.studiouckmar.com\\\/es\\\/historia\\\/\",\"url\":\"https:\\\/\\\/www.studiouckmar.com\\\/es\\\/historia\\\/\",\"name\":\"Historia - Studio Uckmar\",\"isPartOf\":{\"@id\":\"https:\\\/\\\/www.studiouckmar.com\\\/#website\"},\"datePublished\":\"2022-05-06T13:25:35+00:00\",\"dateModified\":\"2023-03-17T10:55:11+00:00\",\"description\":\"Studio Uckmar Associazione Professionale, fue fundado en G\u00e9nova en 1922 por Antonio Uckmar, por lo que cuenta con 100 a\u00f1os de historia.\",\"breadcrumb\":{\"@id\":\"https:\\\/\\\/www.studiouckmar.com\\\/es\\\/historia\\\/#breadcrumb\"},\"inLanguage\":\"es\",\"potentialAction\":[{\"@type\":\"ReadAction\",\"target\":[\"https:\\\/\\\/www.studiouckmar.com\\\/es\\\/historia\\\/\"]}]},{\"@type\":\"BreadcrumbList\",\"@id\":\"https:\\\/\\\/www.studiouckmar.com\\\/es\\\/historia\\\/#breadcrumb\",\"itemListElement\":[{\"@type\":\"ListItem\",\"position\":1,\"name\":\"Home\",\"item\":\"https:\\\/\\\/www.studiouckmar.com\\\/es\\\/pagina-de-inicio\\\/\"},{\"@type\":\"ListItem\",\"position\":2,\"name\":\"Historia\"}]},{\"@type\":\"WebSite\",\"@id\":\"https:\\\/\\\/www.studiouckmar.com\\\/#website\",\"url\":\"https:\\\/\\\/www.studiouckmar.com\\\/\",\"name\":\"Studio Uckmar\",\"description\":\"associazione avvocati professionale\",\"potentialAction\":[{\"@type\":\"SearchAction\",\"target\":{\"@type\":\"EntryPoint\",\"urlTemplate\":\"https:\\\/\\\/www.studiouckmar.com\\\/?s={search_term_string}\"},\"query-input\":{\"@type\":\"PropertyValueSpecification\",\"valueRequired\":true,\"valueName\":\"search_term_string\"}}],\"inLanguage\":\"es\"}]}<\/script>\n<!-- \/ Yoast SEO plugin. -->","yoast_head_json":{"title":"Historia - Studio Uckmar","description":"Studio Uckmar Associazione Professionale, fue fundado en G\u00e9nova en 1922 por Antonio Uckmar, por lo que cuenta con 100 a\u00f1os de historia.","robots":{"index":"index","follow":"follow","max-snippet":"max-snippet:-1","max-image-preview":"max-image-preview:large","max-video-preview":"max-video-preview:-1"},"canonical":"https:\/\/www.studiouckmar.com\/es\/historia\/","og_locale":"es_ES","og_type":"article","og_title":"Historia - Studio Uckmar","og_description":"Studio Uckmar Associazione Professionale, fue fundado en G\u00e9nova en 1922 por Antonio Uckmar, por lo que cuenta con 100 a\u00f1os de historia.","og_url":"https:\/\/www.studiouckmar.com\/es\/historia\/","og_site_name":"Studio Uckmar","article_modified_time":"2023-03-17T10:55:11+00:00","twitter_card":"summary_large_image","twitter_misc":{"Tiempo de lectura":"6 minutos"},"schema":{"@context":"https:\/\/schema.org","@graph":[{"@type":"WebPage","@id":"https:\/\/www.studiouckmar.com\/es\/historia\/","url":"https:\/\/www.studiouckmar.com\/es\/historia\/","name":"Historia - Studio Uckmar","isPartOf":{"@id":"https:\/\/www.studiouckmar.com\/#website"},"datePublished":"2022-05-06T13:25:35+00:00","dateModified":"2023-03-17T10:55:11+00:00","description":"Studio Uckmar Associazione Professionale, fue fundado en G\u00e9nova en 1922 por Antonio Uckmar, por lo que cuenta con 100 a\u00f1os de historia.","breadcrumb":{"@id":"https:\/\/www.studiouckmar.com\/es\/historia\/#breadcrumb"},"inLanguage":"es","potentialAction":[{"@type":"ReadAction","target":["https:\/\/www.studiouckmar.com\/es\/historia\/"]}]},{"@type":"BreadcrumbList","@id":"https:\/\/www.studiouckmar.com\/es\/historia\/#breadcrumb","itemListElement":[{"@type":"ListItem","position":1,"name":"Home","item":"https:\/\/www.studiouckmar.com\/es\/pagina-de-inicio\/"},{"@type":"ListItem","position":2,"name":"Historia"}]},{"@type":"WebSite","@id":"https:\/\/www.studiouckmar.com\/#website","url":"https:\/\/www.studiouckmar.com\/","name":"Studio Uckmar","description":"associazione avvocati professionale","potentialAction":[{"@type":"SearchAction","target":{"@type":"EntryPoint","urlTemplate":"https:\/\/www.studiouckmar.com\/?s={search_term_string}"},"query-input":{"@type":"PropertyValueSpecification","valueRequired":true,"valueName":"search_term_string"}}],"inLanguage":"es"}]}},"_links":{"self":[{"href":"https:\/\/www.studiouckmar.com\/es\/wp-json\/wp\/v2\/pages\/1782","targetHints":{"allow":["GET"]}}],"collection":[{"href":"https:\/\/www.studiouckmar.com\/es\/wp-json\/wp\/v2\/pages"}],"about":[{"href":"https:\/\/www.studiouckmar.com\/es\/wp-json\/wp\/v2\/types\/page"}],"author":[{"embeddable":true,"href":"https:\/\/www.studiouckmar.com\/es\/wp-json\/wp\/v2\/users\/2"}],"replies":[{"embeddable":true,"href":"https:\/\/www.studiouckmar.com\/es\/wp-json\/wp\/v2\/comments?post=1782"}],"version-history":[{"count":1,"href":"https:\/\/www.studiouckmar.com\/es\/wp-json\/wp\/v2\/pages\/1782\/revisions"}],"predecessor-version":[{"id":1783,"href":"https:\/\/www.studiouckmar.com\/es\/wp-json\/wp\/v2\/pages\/1782\/revisions\/1783"}],"wp:attachment":[{"href":"https:\/\/www.studiouckmar.com\/es\/wp-json\/wp\/v2\/media?parent=1782"}],"curies":[{"name":"wp","href":"https:\/\/api.w.org\/{rel}","templated":true}]}}