{"id":1784,"date":"2022-05-06T15:26:42","date_gmt":"2022-05-06T13:26:42","guid":{"rendered":"https:\/\/www.studiouckmar.com\/localizaciones\/"},"modified":"2024-10-25T16:13:55","modified_gmt":"2024-10-25T14:13:55","slug":"localizaciones","status":"publish","type":"page","link":"https:\/\/www.studiouckmar.com\/es\/localizaciones\/","title":{"rendered":"Localizaciones"},"content":{"rendered":"<p>[et_pb_section fb_built=\u00bb1&#8243; custom_padding_last_edited=\u00bboff|desktop\u00bb admin_label=\u00bbHeader\u00bb _builder_version=\u00bb4.14.7&#8243; use_background_color_gradient=\u00bbon\u00bb background_color_gradient_start=\u00bbrgba(10,10,10,0.65)\u00bb background_color_gradient_end=\u00bbrgba(216,216,216,0)\u00bb background_color_gradient_type=\u00bbradial\u00bb background_color_gradient_direction_radial=\u00bbtop left\u00bb background_color_gradient_overlays_image=\u00bbon\u00bb background_image=\u00bbhttps:\/\/www.studiouckmar.com\/wp-content\/uploads\/2022\/11\/studio-uckmar-2-scaled.jpg\u00bb custom_padding=\u00bb8vw||8vw||true|false\u00bb custom_padding_tablet=\u00bb||||false|false\u00bb custom_padding_phone=\u00bb||||false|false\u00bb global_colors_info=\u00bb{}\u00bb][et_pb_row _builder_version=\u00bb4.14.7&#8243; max_width=\u00bb1200px\u00bb custom_padding=\u00bb4%|4%|4%|4%|true|true\u00bb border_color_all=\u00bb#8A2432&#8243; border_width_bottom=\u00bb4px\u00bb border_width_left=\u00bb4px\u00bb global_colors_info=\u00bb{}\u00bb][et_pb_column type=\u00bb4_4&#8243; _builder_version=\u00bb4.4.7&#8243; custom_padding_tablet=\u00bb|||30px|false|false\u00bb custom_padding_last_edited=\u00bboff|desktop\u00bb global_colors_info=\u00bb{}\u00bb][et_pb_text _builder_version=\u00bb4.14.7&#8243; text_font=\u00bb||||||||\u00bb text_font_size=\u00bb18px\u00bb text_line_height=\u00bb1.5em\u00bb header_font=\u00bb|900|||||||\u00bb header_font_size=\u00bb40px\u00bb header_letter_spacing=\u00bb0.05em\u00bb header_line_height=\u00bb1.2em\u00bb header_2_font=\u00bb|||on|||||\u00bb header_2_font_size=\u00bb24px\u00bb header_2_letter_spacing=\u00bb0.4em\u00bb header_2_line_height=\u00bb1.3em\u00bb background_layout=\u00bbdark\u00bb width=\u00bb60%\u00bb text_font_size_tablet=\u00bb18px\u00bb text_font_size_phone=\u00bb14px\u00bb text_font_size_last_edited=\u00bbon|tablet\u00bb header_font_size_tablet=\u00bb60px\u00bb header_font_size_phone=\u00bb30px\u00bb header_font_size_last_edited=\u00bbon|phone\u00bb header_2_font_size_tablet=\u00bb18px\u00bb header_2_font_size_phone=\u00bb14px\u00bb header_2_font_size_last_edited=\u00bbon|phone\u00bb locked=\u00bboff\u00bb global_colors_info=\u00bb{}\u00bb]<\/p>\n<h1><strong>Localizaciones<\/strong><\/h1>\n<p>[\/et_pb_text][\/et_pb_column][\/et_pb_row][et_pb_row custom_padding_last_edited=\u00bboff|tablet\u00bb _builder_version=\u00bb4.14.7&#8243; max_width=\u00bb1200px\u00bb custom_padding=\u00bb0px||4%||false|false\u00bb border_width_right=\u00bb4px\u00bb border_color_right=\u00bb#8A2432&#8243; global_colors_info=\u00bb{}\u00bb][et_pb_column type=\u00bb4_4&#8243; _builder_version=\u00bb4.4.6&#8243; global_colors_info=\u00bb{}\u00bb][\/et_pb_column][\/et_pb_row][\/et_pb_section][et_pb_section fb_built=\u00bb1&#8243; admin_label=\u00bbServices\u00bb _builder_version=\u00bb4.4.7&#8243; background_color=\u00bbrgba(0,0,0,0)\u00bb custom_padding=\u00bb0px||||false|false\u00bb global_colors_info=\u00bb{}\u00bb][et_pb_row column_structure=\u00bb1_4,1_4,1_4,1_4&#8243; use_custom_gutter=\u00bbon\u00bb gutter_width=\u00bb2&#8243; custom_padding_last_edited=\u00bbon|phone\u00bb _builder_version=\u00bb4.14.7&#8243; background_color=\u00bb#FFFFFF\u00bb max_width=\u00bb1200px\u00bb custom_margin=\u00bb-8vw||||false|false\u00bb custom_padding=\u00bb60px|60px|60px|60px|true|true\u00bb custom_padding_tablet=\u00bb50px|30px|50px|30px|true|true\u00bb custom_padding_phone=\u00bb40px||40px||true|true\u00bb locked=\u00bboff\u00bb global_colors_info=\u00bb{}\u00bb][et_pb_column type=\u00bb1_4&#8243; _builder_version=\u00bb4.4.6&#8243; global_colors_info=\u00bb{}\u00bb][et_pb_blurb title=\u00bbG\u00e9nova\u00bb image=\u00bbhttps:\/\/www.studiouckmar.com\/wp-content\/uploads\/2022\/05\/Genova.png\u00bb icon_placement=\u00bbleft\u00bb image_icon_width=\u00bb104px\u00bb content_max_width=\u00bb1100px\u00bb image_icon_width_tablet=\u00bb80px\u00bb image_icon_width_phone=\u00bb90px\u00bb image_icon_width_last_edited=\u00bbon|tablet\u00bb _builder_version=\u00bb4.14.7&#8243; header_font=\u00bb|700||on|||||\u00bb header_text_color=\u00bb#681A24&#8243; header_font_size=\u00bb18px\u00bb header_letter_spacing=\u00bb2px\u00bb header_line_height=\u00bb2em\u00bb body_font=\u00bb|600|||||||\u00bb body_text_color=\u00bb#4A4F55&#8243; body_font_size=\u00bb13px\u00bb body_font_size_tablet=\u00bb12px\u00bb body_font_size_phone=\u00bb\u00bb body_font_size_last_edited=\u00bbon|tablet\u00bb image_max_width=\u00bb80px\u00bb image_max_width_tablet=\u00bb60px\u00bb image_max_width_phone=\u00bb60px\u00bb image_max_width_last_edited=\u00bbon|tablet\u00bb locked=\u00bboff\u00bb global_colors_info=\u00bb{}\u00bb]<\/p>\n<p><span>Via Nicol\u00f2 Bacigalupo 4<\/span><\/p>\n<p>[\/et_pb_blurb][\/et_pb_column][et_pb_column type=\u00bb1_4&#8243; _builder_version=\u00bb4.4.6&#8243; global_colors_info=\u00bb{}\u00bb][et_pb_blurb title=\u00bbMilan\u00bb image=\u00bbhttps:\/\/www.studiouckmar.com\/wp-content\/uploads\/2022\/05\/Milano.png\u00bb icon_placement=\u00bbleft\u00bb image_icon_width=\u00bb104px\u00bb content_max_width=\u00bb1100px\u00bb image_icon_width_tablet=\u00bb80px\u00bb image_icon_width_phone=\u00bb90px\u00bb image_icon_width_last_edited=\u00bbon|tablet\u00bb _builder_version=\u00bb4.14.7&#8243; header_font=\u00bb|700||on|||||\u00bb header_text_color=\u00bb#681A24&#8243; header_font_size=\u00bb18px\u00bb header_letter_spacing=\u00bb2px\u00bb header_line_height=\u00bb2em\u00bb body_font=\u00bb|600|||||||\u00bb body_text_color=\u00bb#4A4F55&#8243; body_font_size=\u00bb13px\u00bb body_font_size_tablet=\u00bb12px\u00bb body_font_size_phone=\u00bb\u00bb body_font_size_last_edited=\u00bbon|tablet\u00bb image_max_width=\u00bb80px\u00bb image_max_width_tablet=\u00bb60px\u00bb image_max_width_phone=\u00bb60px\u00bb image_max_width_last_edited=\u00bbon|tablet\u00bb locked=\u00bboff\u00bb global_colors_info=\u00bb{}\u00bb]<\/p>\n<p><span>Via Agnello 5<\/span><\/p>\n<p>[\/et_pb_blurb][\/et_pb_column][et_pb_column type=\u00bb1_4&#8243; _builder_version=\u00bb4.4.6&#8243; global_colors_info=\u00bb{}\u00bb][et_pb_blurb title=\u00bbRoma\u00bb image=\u00bbhttps:\/\/www.studiouckmar.com\/wp-content\/uploads\/2022\/05\/Roma.png\u00bb icon_placement=\u00bbleft\u00bb image_icon_width=\u00bb103px\u00bb content_max_width=\u00bb1100px\u00bb image_icon_width_tablet=\u00bb80px\u00bb image_icon_width_phone=\u00bb90px\u00bb image_icon_width_last_edited=\u00bbon|phone\u00bb _builder_version=\u00bb4.14.7&#8243; header_font=\u00bb|700||on|||||\u00bb header_text_color=\u00bb#681A24&#8243; header_font_size=\u00bb18px\u00bb header_letter_spacing=\u00bb2px\u00bb header_line_height=\u00bb2em\u00bb body_font=\u00bb|600|||||||\u00bb body_text_color=\u00bb#4A4F55&#8243; body_font_size=\u00bb13px\u00bb body_font_size_tablet=\u00bb12px\u00bb body_font_size_phone=\u00bb\u00bb body_font_size_last_edited=\u00bbon|tablet\u00bb image_max_width=\u00bb80px\u00bb image_max_width_tablet=\u00bb60px\u00bb image_max_width_phone=\u00bb60px\u00bb image_max_width_last_edited=\u00bbon|tablet\u00bb locked=\u00bboff\u00bb global_colors_info=\u00bb{}\u00bb]<\/p>\n<p><span>Via Nazionale 200<\/span><\/p>\n<p>[\/et_pb_blurb][\/et_pb_column][et_pb_column type=\u00bb1_4&#8243; _builder_version=\u00bb4.4.6&#8243; global_colors_info=\u00bb{}\u00bb][et_pb_blurb title=\u00bbBuenos Aires\u00bb image=\u00bbhttps:\/\/www.studiouckmar.com\/wp-content\/uploads\/2022\/05\/Buenos-Aires.png\u00bb icon_placement=\u00bbleft\u00bb image_icon_width=\u00bb104px\u00bb content_max_width=\u00bb1100px\u00bb image_icon_width_tablet=\u00bb80px\u00bb image_icon_width_phone=\u00bb90px\u00bb image_icon_width_last_edited=\u00bbon|tablet\u00bb _builder_version=\u00bb4.14.7&#8243; header_font=\u00bb|700||on|||||\u00bb header_text_color=\u00bb#681A24&#8243; header_font_size=\u00bb18px\u00bb header_letter_spacing=\u00bb2px\u00bb header_line_height=\u00bb1.3em\u00bb body_font=\u00bb|600|||||||\u00bb body_text_color=\u00bb#4A4F55&#8243; body_font_size=\u00bb13px\u00bb body_font_size_tablet=\u00bb12px\u00bb body_font_size_phone=\u00bb\u00bb body_font_size_last_edited=\u00bbon|tablet\u00bb image_max_width=\u00bb80px\u00bb image_max_width_tablet=\u00bb60px\u00bb image_max_width_phone=\u00bb60px\u00bb image_max_width_last_edited=\u00bbon|tablet\u00bb locked=\u00bboff\u00bb global_colors_info=\u00bb{}\u00bb]<\/p>\n<p><span>Cerrito 782 &#8211; 6\u00ba Piso<\/span><\/p>\n<p>[\/et_pb_blurb][\/et_pb_column][\/et_pb_row][\/et_pb_section][et_pb_section fb_built=\u00bb1&#8243; admin_label=\u00bbAbout\u00bb _builder_version=\u00bb3.22&#8243; custom_padding=\u00bb0px|||||\u00bb global_colors_info=\u00bb{}\u00bb][et_pb_row column_structure=\u00bb1_2,1_2&#8243; custom_padding_last_edited=\u00bbon|phone\u00bb _builder_version=\u00bb4.14.7&#8243; custom_margin_tablet=\u00bb\u00bb custom_margin_phone=\u00bb0px||0px||false|false\u00bb custom_margin_last_edited=\u00bbon|phone\u00bb custom_padding=\u00bb||0px|||\u00bb custom_padding_tablet=\u00bb||0px|||\u00bb custom_padding_phone=\u00bb0px||0px||false|false\u00bb global_colors_info=\u00bb{}\u00bb][et_pb_column type=\u00bb1_2&#8243; _builder_version=\u00bb3.25&#8243; custom_padding=\u00bb|||\u00bb global_colors_info=\u00bb{}\u00bb custom_padding__hover=\u00bb|||\u00bb][et_pb_text _builder_version=\u00bb4.14.7&#8243; header_font=\u00bb||||||||\u00bb header_2_font=\u00bb|700|||||||\u00bb header_2_font_size=\u00bb42px\u00bb header_2_line_height=\u00bb1.5em\u00bb max_width=\u00bb500px\u00bb custom_margin=\u00bb|||-38px\u00bb custom_margin_tablet=\u00bb|||-38px\u00bb custom_margin_phone=\u00bb||0px|0px|false|false\u00bb custom_margin_last_edited=\u00bbon|phone\u00bb custom_padding=\u00bb|||30px\u00bb custom_padding_tablet=\u00bb|||30px\u00bb custom_padding_phone=\u00bb||0px|30px|false|false\u00bb custom_padding_last_edited=\u00bbon|phone\u00bb header_2_font_size_tablet=\u00bb32px\u00bb header_2_font_size_phone=\u00bb28px\u00bb header_2_font_size_last_edited=\u00bbon|phone\u00bb border_color_all=\u00bb#8A2432&#8243; border_width_left=\u00bb4px\u00bb locked=\u00bboff\u00bb global_colors_info=\u00bb{}\u00bb]<\/p>\n<h2>Nuestras sedes<\/h2>\n<p>[\/et_pb_text][\/et_pb_column][et_pb_column type=\u00bb1_2&#8243; _builder_version=\u00bb3.25&#8243; custom_padding=\u00bb|||\u00bb global_colors_info=\u00bb{}\u00bb custom_padding__hover=\u00bb|||\u00bb][\/et_pb_column][\/et_pb_row][et_pb_row custom_padding_last_edited=\u00bbon|phone\u00bb _builder_version=\u00bb4.14.7&#8243; custom_margin_tablet=\u00bb\u00bb custom_margin_phone=\u00bb0px||||false|false\u00bb custom_margin_last_edited=\u00bbon|phone\u00bb custom_padding_tablet=\u00bb\u00bb custom_padding_phone=\u00bb0px||||false|false\u00bb global_colors_info=\u00bb{}\u00bb][et_pb_column type=\u00bb4_4&#8243; _builder_version=\u00bb3.25&#8243; custom_padding=\u00bb|||\u00bb global_colors_info=\u00bb{}\u00bb custom_padding__hover=\u00bb|||\u00bb][et_pb_text _builder_version=\u00bb4.14.7&#8243; text_font=\u00bb||||||||\u00bb text_line_height=\u00bb2em\u00bb width=\u00bb75%\u00bb width_tablet=\u00bb75%\u00bb width_phone=\u00bb100%\u00bb width_last_edited=\u00bbon|phone\u00bb text_font_size_tablet=\u00bb\u00bb text_font_size_phone=\u00bb14px\u00bb text_font_size_last_edited=\u00bbon|phone\u00bb locked=\u00bboff\u00bb global_colors_info=\u00bb{}\u00bb]<\/p>\n<p>El bufete, en sus distintas oficinas, cuenta con una experiencia y especializaci\u00f3n sin parang\u00f3n, reconocida internacionalmente y consolidada a lo largo de m\u00e1s de cien a\u00f1os de historia, en el asesoramiento en materia fiscal, tanto nacional como internacional, y en litigios fiscales y aduaneros, a todos los niveles, incluidas las jurisdicciones superiores y supranacionales.<\/p>\n<p>Dentro del marco mencionado, se pueden identificar las siguientes \u00e1reas espec\u00edficas de competencia:<\/p>\n<ul>\n<li>asistencia del contribuyente en los procedimientos administrativos ante la autoridad fiscal (en particular, en el curso de los accesos, inspecciones y auditor\u00edas, en la formulaci\u00f3n de observaciones al c.v.p., en los procedimientos de liquidaci\u00f3n de adhesi\u00f3n o en la formulaci\u00f3n de solicitudes de interpelaci\u00f3n);<\/li>\n<li>precios de transferencia;<\/li>\n<li>litigios fiscales;<\/li>\n<li>asesoramiento y litigios en materia aduanera;<\/li>\n<li>asesoramiento y litigios en materia de impuestos especiales;<\/li>\n<li>Asesoramiento a bancos de inversi\u00f3n, empresas de capital riesgo y sociedades fiduciarias centrado en la fiscalidad financiera: regulaci\u00f3n fiscal de instrumentos financieros, fondos de inversi\u00f3n, financiaci\u00f3n estructurada, fondos de pensiones;<\/li>\n<li>Operaciones extraordinarias de financiaci\u00f3n, reorganizaci\u00f3n de grupos nacionales e internacionales cotizados y no cotizados, apoyadas por una experiencia cualificada en la redacci\u00f3n de interpelaciones, ordinarias, anti-evasi\u00f3n, de inaplicaci\u00f3n, probatorias y para la realizaci\u00f3n de nuevas inversiones;<\/li>\n<li>Asesoramiento experto en el \u00e1mbito de la optimizaci\u00f3n fiscal de las estructuras de incentivos y remuneraci\u00f3n de empleados y directivos mediante el uso de planes de opciones sobre acciones y de intereses transferidos;<\/li>\n<li>Planificaci\u00f3n fiscal personal relacionada con el patrimonio y la transici\u00f3n generacional, con especial atenci\u00f3n a instrumentos como los fideicomisos, las sociedades holding, los pactos familiares y los productos financieros y de seguros para la protecci\u00f3n del patrimonio;<\/li>\n<li>asesoramiento, judicial y extrajudicial, en asuntos corporativos y comerciales.<\/li>\n<\/ul>\n<p>[\/et_pb_text][\/et_pb_column][\/et_pb_row][\/et_pb_section]<\/p>\n","protected":false},"excerpt":{"rendered":"<p>LocalizacionesVia Nicol\u00f2 Bacigalupo 4Via Agnello 5Via Nazionale 200Cerrito 782 &#8211; 6\u00ba PisoNuestras sedesEl bufete, en sus distintas oficinas, cuenta con una experiencia y especializaci\u00f3n sin parang\u00f3n, reconocida internacionalmente y consolidada a lo largo de m\u00e1s de cien a\u00f1os de historia, en el asesoramiento en materia fiscal, tanto nacional como internacional, y en litigios fiscales y [&hellip;]<\/p>\n","protected":false},"author":2,"featured_media":0,"parent":0,"menu_order":0,"comment_status":"closed","ping_status":"closed","template":"","meta":{"_et_pb_use_builder":"on","_et_pb_old_content":"","_et_gb_content_width":"","footnotes":""},"class_list":["post-1784","page","type-page","status-publish","hentry"],"yoast_head":"<!-- This site is optimized with the Yoast SEO plugin v27.4 - https:\/\/yoast.com\/product\/yoast-seo-wordpress\/ -->\n<title>Localizaciones - Studio Uckmar<\/title>\n<meta name=\"description\" content=\"El bufete, en sus distintas oficinas, cuenta con una experiencia y especializaci\u00f3n sin parang\u00f3n, reconocida internacionalmente y consolidada a lo largo de m\u00e1s de cien a\u00f1os de historia, en el asesoramiento en materia fiscal, tanto nacional como internacional, y en litigios fiscales y aduaneros, a todos los niveles, incluidas las jurisdicciones superiores y supranacionales.\" \/>\n<meta name=\"robots\" content=\"index, follow, max-snippet:-1, max-image-preview:large, max-video-preview:-1\" \/>\n<link rel=\"canonical\" href=\"https:\/\/www.studiouckmar.com\/es\/localizaciones\/\" \/>\n<meta property=\"og:locale\" content=\"es_ES\" \/>\n<meta property=\"og:type\" content=\"article\" \/>\n<meta property=\"og:title\" content=\"Localizaciones - Studio Uckmar\" \/>\n<meta property=\"og:description\" content=\"El bufete, en sus distintas oficinas, cuenta con una experiencia y especializaci\u00f3n sin parang\u00f3n, reconocida internacionalmente y consolidada a lo largo de m\u00e1s de cien a\u00f1os de historia, en el asesoramiento en materia fiscal, tanto nacional como internacional, y en litigios fiscales y aduaneros, a todos los niveles, incluidas las jurisdicciones superiores y supranacionales.\" \/>\n<meta property=\"og:url\" content=\"https:\/\/www.studiouckmar.com\/es\/localizaciones\/\" \/>\n<meta property=\"og:site_name\" content=\"Studio Uckmar\" \/>\n<meta property=\"article:modified_time\" content=\"2024-10-25T14:13:55+00:00\" \/>\n<meta name=\"twitter:card\" content=\"summary_large_image\" \/>\n<meta name=\"twitter:label1\" content=\"Tiempo de lectura\" \/>\n\t<meta name=\"twitter:data1\" content=\"8 minutos\" \/>\n<script type=\"application\/ld+json\" class=\"yoast-schema-graph\">{\"@context\":\"https:\\\/\\\/schema.org\",\"@graph\":[{\"@type\":\"WebPage\",\"@id\":\"https:\\\/\\\/www.studiouckmar.com\\\/es\\\/localizaciones\\\/\",\"url\":\"https:\\\/\\\/www.studiouckmar.com\\\/es\\\/localizaciones\\\/\",\"name\":\"Localizaciones - Studio Uckmar\",\"isPartOf\":{\"@id\":\"https:\\\/\\\/www.studiouckmar.com\\\/#website\"},\"datePublished\":\"2022-05-06T13:26:42+00:00\",\"dateModified\":\"2024-10-25T14:13:55+00:00\",\"description\":\"El bufete, en sus distintas oficinas, cuenta con una experiencia y especializaci\u00f3n sin parang\u00f3n, reconocida internacionalmente y consolidada a lo largo de m\u00e1s de cien a\u00f1os de historia, en el asesoramiento en materia fiscal, tanto nacional como internacional, y en litigios fiscales y aduaneros, a todos los niveles, incluidas las jurisdicciones superiores y supranacionales.\",\"breadcrumb\":{\"@id\":\"https:\\\/\\\/www.studiouckmar.com\\\/es\\\/localizaciones\\\/#breadcrumb\"},\"inLanguage\":\"es\",\"potentialAction\":[{\"@type\":\"ReadAction\",\"target\":[\"https:\\\/\\\/www.studiouckmar.com\\\/es\\\/localizaciones\\\/\"]}]},{\"@type\":\"BreadcrumbList\",\"@id\":\"https:\\\/\\\/www.studiouckmar.com\\\/es\\\/localizaciones\\\/#breadcrumb\",\"itemListElement\":[{\"@type\":\"ListItem\",\"position\":1,\"name\":\"Home\",\"item\":\"https:\\\/\\\/www.studiouckmar.com\\\/es\\\/pagina-de-inicio\\\/\"},{\"@type\":\"ListItem\",\"position\":2,\"name\":\"Localizaciones\"}]},{\"@type\":\"WebSite\",\"@id\":\"https:\\\/\\\/www.studiouckmar.com\\\/#website\",\"url\":\"https:\\\/\\\/www.studiouckmar.com\\\/\",\"name\":\"Studio Uckmar\",\"description\":\"associazione avvocati professionale\",\"potentialAction\":[{\"@type\":\"SearchAction\",\"target\":{\"@type\":\"EntryPoint\",\"urlTemplate\":\"https:\\\/\\\/www.studiouckmar.com\\\/?s={search_term_string}\"},\"query-input\":{\"@type\":\"PropertyValueSpecification\",\"valueRequired\":true,\"valueName\":\"search_term_string\"}}],\"inLanguage\":\"es\"}]}<\/script>\n<!-- \/ Yoast SEO plugin. -->","yoast_head_json":{"title":"Localizaciones - Studio Uckmar","description":"El bufete, en sus distintas oficinas, cuenta con una experiencia y especializaci\u00f3n sin parang\u00f3n, reconocida internacionalmente y consolidada a lo largo de m\u00e1s de cien a\u00f1os de historia, en el asesoramiento en materia fiscal, tanto nacional como internacional, y en litigios fiscales y aduaneros, a todos los niveles, incluidas las jurisdicciones superiores y supranacionales.","robots":{"index":"index","follow":"follow","max-snippet":"max-snippet:-1","max-image-preview":"max-image-preview:large","max-video-preview":"max-video-preview:-1"},"canonical":"https:\/\/www.studiouckmar.com\/es\/localizaciones\/","og_locale":"es_ES","og_type":"article","og_title":"Localizaciones - Studio Uckmar","og_description":"El bufete, en sus distintas oficinas, cuenta con una experiencia y especializaci\u00f3n sin parang\u00f3n, reconocida internacionalmente y consolidada a lo largo de m\u00e1s de cien a\u00f1os de historia, en el asesoramiento en materia fiscal, tanto nacional como internacional, y en litigios fiscales y aduaneros, a todos los niveles, incluidas las jurisdicciones superiores y supranacionales.","og_url":"https:\/\/www.studiouckmar.com\/es\/localizaciones\/","og_site_name":"Studio Uckmar","article_modified_time":"2024-10-25T14:13:55+00:00","twitter_card":"summary_large_image","twitter_misc":{"Tiempo de lectura":"8 minutos"},"schema":{"@context":"https:\/\/schema.org","@graph":[{"@type":"WebPage","@id":"https:\/\/www.studiouckmar.com\/es\/localizaciones\/","url":"https:\/\/www.studiouckmar.com\/es\/localizaciones\/","name":"Localizaciones - Studio Uckmar","isPartOf":{"@id":"https:\/\/www.studiouckmar.com\/#website"},"datePublished":"2022-05-06T13:26:42+00:00","dateModified":"2024-10-25T14:13:55+00:00","description":"El bufete, en sus distintas oficinas, cuenta con una experiencia y especializaci\u00f3n sin parang\u00f3n, reconocida internacionalmente y consolidada a lo largo de m\u00e1s de cien a\u00f1os de historia, en el asesoramiento en materia fiscal, tanto nacional como internacional, y en litigios fiscales y aduaneros, a todos los niveles, incluidas las jurisdicciones superiores y supranacionales.","breadcrumb":{"@id":"https:\/\/www.studiouckmar.com\/es\/localizaciones\/#breadcrumb"},"inLanguage":"es","potentialAction":[{"@type":"ReadAction","target":["https:\/\/www.studiouckmar.com\/es\/localizaciones\/"]}]},{"@type":"BreadcrumbList","@id":"https:\/\/www.studiouckmar.com\/es\/localizaciones\/#breadcrumb","itemListElement":[{"@type":"ListItem","position":1,"name":"Home","item":"https:\/\/www.studiouckmar.com\/es\/pagina-de-inicio\/"},{"@type":"ListItem","position":2,"name":"Localizaciones"}]},{"@type":"WebSite","@id":"https:\/\/www.studiouckmar.com\/#website","url":"https:\/\/www.studiouckmar.com\/","name":"Studio Uckmar","description":"associazione avvocati professionale","potentialAction":[{"@type":"SearchAction","target":{"@type":"EntryPoint","urlTemplate":"https:\/\/www.studiouckmar.com\/?s={search_term_string}"},"query-input":{"@type":"PropertyValueSpecification","valueRequired":true,"valueName":"search_term_string"}}],"inLanguage":"es"}]}},"_links":{"self":[{"href":"https:\/\/www.studiouckmar.com\/es\/wp-json\/wp\/v2\/pages\/1784","targetHints":{"allow":["GET"]}}],"collection":[{"href":"https:\/\/www.studiouckmar.com\/es\/wp-json\/wp\/v2\/pages"}],"about":[{"href":"https:\/\/www.studiouckmar.com\/es\/wp-json\/wp\/v2\/types\/page"}],"author":[{"embeddable":true,"href":"https:\/\/www.studiouckmar.com\/es\/wp-json\/wp\/v2\/users\/2"}],"replies":[{"embeddable":true,"href":"https:\/\/www.studiouckmar.com\/es\/wp-json\/wp\/v2\/comments?post=1784"}],"version-history":[{"count":5,"href":"https:\/\/www.studiouckmar.com\/es\/wp-json\/wp\/v2\/pages\/1784\/revisions"}],"predecessor-version":[{"id":2491,"href":"https:\/\/www.studiouckmar.com\/es\/wp-json\/wp\/v2\/pages\/1784\/revisions\/2491"}],"wp:attachment":[{"href":"https:\/\/www.studiouckmar.com\/es\/wp-json\/wp\/v2\/media?parent=1784"}],"curies":[{"name":"wp","href":"https:\/\/api.w.org\/{rel}","templated":true}]}}