{"id":1788,"date":"2022-05-06T15:28:20","date_gmt":"2022-05-06T13:28:20","guid":{"rendered":"https:\/\/www.studiouckmar.com\/pongase-en-contacto-con\/"},"modified":"2024-10-01T10:57:42","modified_gmt":"2024-10-01T08:57:42","slug":"contacto","status":"publish","type":"page","link":"https:\/\/www.studiouckmar.com\/es\/contacto\/","title":{"rendered":"Contactos"},"content":{"rendered":"\n[et_pb_section fb_built=\u00bb1&#8243; admin_label=\u00bbHero\u00bb _builder_version=\u00bb4.14.7&#8243; use_background_color_gradient=\u00bbon\u00bb background_color_gradient_start=\u00bbrgba(10,10,10,0.47)\u00bb background_color_gradient_end=\u00bbrgba(216,216,216,0)\u00bb background_color_gradient_type=\u00bbradial\u00bb background_color_gradient_direction_radial=\u00bbtop left\u00bb background_color_gradient_overlays_image=\u00bbon\u00bb background_image=\u00bbhttps:\/\/www.studiouckmar.com\/wp-content\/uploads\/2023\/02\/1676628502691-scaled-e1676628922752.jpg\u00bb background_position=\u00bbtop_center\u00bb custom_margin=\u00bb||||false\u00bb custom_padding=\u00bb10vw||10vw||true|false\u00bb hover_enabled=\u00bb0&#8243; locked=\u00bboff\u00bb global_colors_info=\u00bb{}\u00bb title_text=\u00bb1676628502691&#8243; sticky_enabled=\u00bb0&#8243;][et_pb_row column_structure=\u00bb2_3,1_3&#8243; _builder_version=\u00bb4.14.7&#8243; global_colors_info=\u00bb{}\u00bb][et_pb_column type=\u00bb2_3&#8243; _builder_version=\u00bb3.25&#8243; custom_padding=\u00bb|||\u00bb global_colors_info=\u00bb{}\u00bb custom_padding__hover=\u00bb|||\u00bb][et_pb_text _builder_version=\u00bb4.14.7&#8243; text_font=\u00bb||||||||\u00bb header_font=\u00bb|700|||||||\u00bb header_font_size=\u00bb40px\u00bb header_line_height=\u00bb1.1em\u00bb background_layout=\u00bbdark\u00bb max_width=\u00bb800px\u00bb custom_margin=\u00bb||0px|\u00bb custom_padding=\u00bb|||16px\u00bb header_font_size_tablet=\u00bb44px\u00bb header_font_size_phone=\u00bb32px\u00bb header_font_size_last_edited=\u00bbon|phone\u00bb border_color_all=\u00bb#8A2432&#8243; border_width_left=\u00bb4px\u00bb global_colors_info=\u00bb{}\u00bb]<h1>Contactos<\/h1>[\/et_pb_text][\/et_pb_column][et_pb_column type=\u00bb1_3&#8243; disabled_on=\u00bbon|on|off\u00bb _builder_version=\u00bb4.14.7&#8243; custom_padding=\u00bb|||\u00bb global_colors_info=\u00bb{}\u00bb custom_padding__hover=\u00bb|||\u00bb][\/et_pb_column][\/et_pb_row][\/et_pb_section][et_pb_section fb_built=\u00bb1&#8243; admin_label=\u00bbGet In Touch Section\u00bb _builder_version=\u00bb4.14.7&#8243; background_color=\u00bb#f7f7f7&#8243; custom_padding=\u00bb70px||70px|||\u00bb border_color_all=\u00bb#8A2432&#8243; border_width_right=\u00bb8vw\u00bb global_colors_info=\u00bb{}\u00bb][et_pb_row column_structure=\u00bb1_2,1_2&#8243; make_equal=\u00bbon\u00bb admin_label=\u00bb\u00c1rea de contacto\u00bb _builder_version=\u00bb4.14.7&#8243; global_colors_info=\u00bb{}\u00bb][et_pb_column type=\u00bb1_2&#8243; _builder_version=\u00bb3.25&#8243; custom_padding=\u00bb|||\u00bb global_colors_info=\u00bb{}\u00bb custom_padding__hover=\u00bb|||\u00bb][et_pb_blurb title=\u00bbG\u00e9nova\u00bb image_icon_background_color=\u00bbRGBA(255,255,255,0)\u00bb image=\u00bbhttps:\/\/www.studiouckmar.com\/wp-content\/uploads\/2022\/06\/Genova-Min.png\u00bb image_icon_width=\u00bb120px\u00bb admin_label=\u00bbPhone\u00bb _builder_version=\u00bb4.14.7&#8243; header_font=\u00bb||||||||\u00bb header_font_size=\u00bb26px\u00bb header_line_height=\u00bb2em\u00bb body_font=\u00bb||||||||\u00bb body_font_size=\u00bb16px\u00bb body_line_height=\u00bb1em\u00bb background_color=\u00bb#ffffff\u00bb image_icon_custom_padding=\u00bb||||false|false\u00bb text_orientation=\u00bbcenter\u00bb custom_padding=\u00bb60px||60px|\u00bb animation_style=\u00bbzoom\u00bb animation_intensity_zoom=\u00bb2%\u00bb animation=\u00bboff\u00bb border_radii_image=\u00bbon|100%|100%|100%|100%\u00bb border_color_all_image=\u00bb#ffba60&#8243; box_shadow_style=\u00bbpreset2&#8243; box_shadow_horizontal=\u00bb0px\u00bb box_shadow_vertical=\u00bb10px\u00bb box_shadow_blur=\u00bb60px\u00bb box_shadow_color=\u00bbrgba(29,61,71,0.1)\u00bb icon_font_size=\u00bb18px\u00bb use_circle=\u00bbon\u00bb use_circle_border=\u00bbon\u00bb circle_border_color=\u00bb#ffba60&#8243; circle_color=\u00bbrgba(126,190,197,0)\u00bb global_colors_info=\u00bb{}\u00bb image_icon_background_color__sticky_enabled=\u00bb#8a2432&#8243; image_icon_background_color__sticky=\u00bb#8a2432&#8243;]<p><strong>16122 &#8211; Via Bacigalupo 4-15<\/strong><\/p>\n<p><strong><\/strong><\/p>\n<p><span>Tel. +39.010.8318871<\/span><\/p>\n<p><span>Fax. +39.010.812656<\/span><\/p>\n<p><span><\/span><\/p>\n<p><span>Correo electr\u00f3nico:<a href=\"mailto:studioge@uckmar.com\"> studioge@uckmar.com<\/a><\/span><span><\/span><\/p>\n<p><span><\/span><\/p>[\/et_pb_blurb][\/et_pb_column][et_pb_column type=\u00bb1_2&#8243; _builder_version=\u00bb3.25&#8243; custom_padding=\u00bb|||\u00bb global_colors_info=\u00bb{}\u00bb custom_padding__hover=\u00bb|||\u00bb][et_pb_blurb title=\u00bbMilan\u00bb image_icon_background_color=\u00bbRGBA(255,255,255,0)\u00bb image=\u00bbhttps:\/\/www.studiouckmar.com\/wp-content\/uploads\/2022\/05\/Milano.png\u00bb image_icon_width=\u00bb120px\u00bb admin_label=\u00bbEmail\u00bb _builder_version=\u00bb4.14.7&#8243; header_font=\u00bb||||||||\u00bb header_font_size=\u00bb26px\u00bb header_line_height=\u00bb2em\u00bb body_font=\u00bb||||||||\u00bb body_font_size=\u00bb16px\u00bb body_line_height=\u00bb1em\u00bb background_color=\u00bb#ffffff\u00bb image_icon_custom_padding=\u00bb||||false|false\u00bb text_orientation=\u00bbcenter\u00bb custom_padding=\u00bb60px||60px|||\u00bb animation_style=\u00bbzoom\u00bb animation_intensity_zoom=\u00bb2%\u00bb animation=\u00bboff\u00bb border_radii_image=\u00bbon|100%|100%|100%|100%\u00bb border_color_all_image=\u00bb#ffba60&#8243; box_shadow_style=\u00bbpreset2&#8243; box_shadow_horizontal=\u00bb0px\u00bb box_shadow_vertical=\u00bb10px\u00bb box_shadow_blur=\u00bb60px\u00bb box_shadow_color=\u00bbrgba(29,61,71,0.1)\u00bb icon_font_size=\u00bb18px\u00bb use_circle=\u00bbon\u00bb use_circle_border=\u00bbon\u00bb circle_border_color=\u00bb#ffba60&#8243; circle_color=\u00bbrgba(126,190,197,0)\u00bb locked=\u00bboff\u00bb global_colors_info=\u00bb{}\u00bb image_icon_background_color__sticky_enabled=\u00bb#8a2432&#8243; image_icon_background_color__sticky=\u00bb#8a2432&#8243;]<p><strong>20121- Via Agnello 5<\/strong><\/p>\n<p><strong><\/strong><\/p>\n<p><span>Tel.+39.02.801085<\/span><\/p>\n<p><span>Fax.+39.02.804625<\/span><span><\/span><\/p>\n<p><span><\/span><\/p>\n<p><span>Correo electr\u00f3nico: <a href=\"mailto:studiomi@uckmar.com\" target=\"_self\" rel=\"noopener\">studiomi@uckmar.com<\/a><\/span><span><\/span><\/p>\n<p><span><\/span><\/p>[\/et_pb_blurb][\/et_pb_column][\/et_pb_row][et_pb_row column_structure=\u00bb1_2,1_2&#8243; make_equal=\u00bbon\u00bb admin_label=\u00bb\u00c1rea de contacto\u00bb _builder_version=\u00bb4.14.7&#8243; global_colors_info=\u00bb{}\u00bb][et_pb_column type=\u00bb1_2&#8243; _builder_version=\u00bb3.25&#8243; custom_padding=\u00bb|||\u00bb global_colors_info=\u00bb{}\u00bb custom_padding__hover=\u00bb|||\u00bb][et_pb_blurb title=\u00bbRoma\u00bb image_icon_background_color=\u00bbRGBA(255,255,255,0)\u00bb image=\u00bbhttps:\/\/www.studiouckmar.com\/wp-content\/uploads\/2022\/05\/Roma.png\u00bb image_icon_width=\u00bb120px\u00bb admin_label=\u00bbPhone\u00bb _builder_version=\u00bb4.14.7&#8243; header_font=\u00bb||||||||\u00bb header_font_size=\u00bb26px\u00bb header_line_height=\u00bb2em\u00bb body_font=\u00bb||||||||\u00bb body_font_size=\u00bb16px\u00bb body_line_height=\u00bb1em\u00bb background_color=\u00bb#ffffff\u00bb image_icon_custom_padding=\u00bb||||false|false\u00bb text_orientation=\u00bbcenter\u00bb custom_padding=\u00bb60px||60px|\u00bb animation_style=\u00bbzoom\u00bb animation_intensity_zoom=\u00bb2%\u00bb animation=\u00bboff\u00bb border_radii_image=\u00bbon|100%|100%|100%|100%\u00bb border_color_all_image=\u00bb#ffba60&#8243; box_shadow_style=\u00bbpreset2&#8243; box_shadow_horizontal=\u00bb0px\u00bb box_shadow_vertical=\u00bb10px\u00bb box_shadow_blur=\u00bb60px\u00bb box_shadow_color=\u00bbrgba(29,61,71,0.1)\u00bb icon_font_size=\u00bb18px\u00bb use_circle=\u00bbon\u00bb use_circle_border=\u00bbon\u00bb circle_border_color=\u00bb#ffba60&#8243; circle_color=\u00bbrgba(126,190,197,0)\u00bb global_colors_info=\u00bb{}\u00bb image_icon_background_color__sticky_enabled=\u00bb#8a2432&#8243; image_icon_background_color__sticky=\u00bb#8a2432&#8243;]<p><strong>00184 &#8211; Via Nazionale 200<\/strong><\/p>\n<p><strong><\/strong><\/p>\n<p><span>Tel. +39.06.4740442<\/span><\/p>\n<p><span>Fax. +39.06.4741448<\/span><\/p>\n<p><span><\/span><\/p>\n<p><span>Correo electr\u00f3nico: <a href=\"mailto:studioroma@uckmar.com\" target=\"_self\" rel=\"noopener\">studioroma@uckmar.com<\/a> <\/span><span><\/span><\/p>\n<p><span><\/span><\/p>[\/et_pb_blurb][\/et_pb_column][et_pb_column type=\u00bb1_2&#8243; _builder_version=\u00bb3.25&#8243; custom_padding=\u00bb|||\u00bb global_colors_info=\u00bb{}\u00bb custom_padding__hover=\u00bb|||\u00bb][et_pb_blurb title=\u00bbBuenos Aires\u00bb image_icon_background_color=\u00bbRGBA(255,255,255,0)\u00bb image=\u00bbhttps:\/\/www.studiouckmar.com\/wp-content\/uploads\/2022\/05\/Buenos-Aires.png\u00bb image_icon_width=\u00bb120px\u00bb admin_label=\u00bbEmail\u00bb _builder_version=\u00bb4.14.7&#8243; header_font=\u00bb||||||||\u00bb header_font_size=\u00bb26px\u00bb header_line_height=\u00bb2em\u00bb body_font=\u00bb||||||||\u00bb body_font_size=\u00bb16px\u00bb body_line_height=\u00bb1em\u00bb background_color=\u00bb#ffffff\u00bb image_icon_custom_padding=\u00bb||||false|false\u00bb text_orientation=\u00bbcenter\u00bb custom_padding=\u00bb60px||42px|||\u00bb animation_style=\u00bbzoom\u00bb animation_intensity_zoom=\u00bb2%\u00bb animation=\u00bboff\u00bb border_radii_image=\u00bbon|100%|100%|100%|100%\u00bb border_color_all_image=\u00bb#ffba60&#8243; box_shadow_style=\u00bbpreset2&#8243; box_shadow_horizontal=\u00bb0px\u00bb box_shadow_vertical=\u00bb10px\u00bb box_shadow_blur=\u00bb60px\u00bb box_shadow_color=\u00bbrgba(29,61,71,0.1)\u00bb icon_font_size=\u00bb18px\u00bb use_circle=\u00bbon\u00bb use_circle_border=\u00bbon\u00bb circle_border_color=\u00bb#ffba60&#8243; circle_color=\u00bbrgba(126,190,197,0)\u00bb locked=\u00bboff\u00bb global_colors_info=\u00bb{}\u00bb image_icon_background_color__sticky_enabled=\u00bb#8a2432&#8243; image_icon_background_color__sticky=\u00bb#8a2432&#8243;]<p><strong><span>Cerrito 782 &#8211; 6\u00ba Piso<\/span><\/strong><\/p>\n<p><strong><span>(C1010) Ciudad A. de Buenos Aires<\/span><\/strong><\/p>\n<p style=\"font-weight: 400;\"><strong><\/strong><\/p>\n<p><span>Tel\/Fax (54 11) 7534-6222<\/p>\n<p><\/span><\/p>\n<p><span><\/span><\/p>\n<p><span>Correo electr\u00f3nico: <a href=\"mailto:studiobaires@uckmar.com\" target=\"_self\" rel=\"noopener\">studiobaires@uckmar.com<\/a><\/span><\/p>\n<p>&nbsp;<\/p>[\/et_pb_blurb][\/et_pb_column][\/et_pb_row][\/et_pb_section]\n","protected":false},"excerpt":{"rendered":"<p>Contactos16122 &#8211; Via Bacigalupo 4-15 Tel. +39.010.8318871 Fax. +39.010.812656 Correo electr\u00f3nico: studioge@uckmar.com 20121- Via Agnello 5 Tel.+39.02.801085 Fax.+39.02.804625 Correo electr\u00f3nico: studiomi@uckmar.com 00184 &#8211; Via Nazionale 200 Tel. +39.06.4740442 Fax. +39.06.4741448 Correo electr\u00f3nico: studioroma@uckmar.com Cerrito 782 &#8211; 6\u00ba Piso (C1010) Ciudad A. de Buenos Aires Tel\/Fax (54 11) 7534-6222 Correo electr\u00f3nico: studiobaires@uckmar.com &nbsp;<\/p>\n","protected":false},"author":2,"featured_media":0,"parent":0,"menu_order":0,"comment_status":"closed","ping_status":"closed","template":"","meta":{"_et_pb_use_builder":"on","_et_pb_old_content":"","_et_gb_content_width":"","footnotes":""},"class_list":["post-1788","page","type-page","status-publish","hentry"],"yoast_head":"<!-- This site is optimized with the Yoast SEO plugin v27.4 - https:\/\/yoast.com\/product\/yoast-seo-wordpress\/ -->\n<title>Contactos - Studio Uckmar<\/title>\n<meta name=\"description\" content=\"El estudio Uckmar tiene 4 sedes: G\u00e9nova en Via Bacigalupo 4-15, Mil\u00e1n en Via Agnello 5, Roma en Via Nazionale 200 y Buenos Aires Cerrito 782 - 6\u00ba Piso\" \/>\n<meta name=\"robots\" content=\"index, follow, max-snippet:-1, max-image-preview:large, max-video-preview:-1\" \/>\n<link rel=\"canonical\" href=\"https:\/\/www.studiouckmar.com\/es\/contacto\/\" \/>\n<meta property=\"og:locale\" content=\"es_ES\" \/>\n<meta property=\"og:type\" content=\"article\" \/>\n<meta property=\"og:title\" content=\"Contactos - Studio Uckmar\" \/>\n<meta property=\"og:description\" content=\"El estudio Uckmar tiene 4 sedes: G\u00e9nova en Via Bacigalupo 4-15, Mil\u00e1n en Via Agnello 5, Roma en Via Nazionale 200 y Buenos Aires Cerrito 782 - 6\u00ba Piso\" \/>\n<meta property=\"og:url\" content=\"https:\/\/www.studiouckmar.com\/es\/contacto\/\" \/>\n<meta property=\"og:site_name\" content=\"Studio Uckmar\" \/>\n<meta property=\"article:modified_time\" content=\"2024-10-01T08:57:42+00:00\" \/>\n<meta name=\"twitter:card\" content=\"summary_large_image\" \/>\n<meta name=\"twitter:label1\" content=\"Tiempo de lectura\" \/>\n\t<meta name=\"twitter:data1\" content=\"5 minutos\" \/>\n<script type=\"application\/ld+json\" class=\"yoast-schema-graph\">{\"@context\":\"https:\\\/\\\/schema.org\",\"@graph\":[{\"@type\":\"WebPage\",\"@id\":\"https:\\\/\\\/www.studiouckmar.com\\\/es\\\/contacto\\\/\",\"url\":\"https:\\\/\\\/www.studiouckmar.com\\\/es\\\/contacto\\\/\",\"name\":\"Contactos - Studio Uckmar\",\"isPartOf\":{\"@id\":\"https:\\\/\\\/www.studiouckmar.com\\\/#website\"},\"datePublished\":\"2022-05-06T13:28:20+00:00\",\"dateModified\":\"2024-10-01T08:57:42+00:00\",\"description\":\"El estudio Uckmar tiene 4 sedes: G\u00e9nova en Via Bacigalupo 4-15, Mil\u00e1n en Via Agnello 5, Roma en Via Nazionale 200 y Buenos Aires Cerrito 782 - 6\u00ba Piso\",\"breadcrumb\":{\"@id\":\"https:\\\/\\\/www.studiouckmar.com\\\/es\\\/contacto\\\/#breadcrumb\"},\"inLanguage\":\"es\",\"potentialAction\":[{\"@type\":\"ReadAction\",\"target\":[\"https:\\\/\\\/www.studiouckmar.com\\\/es\\\/contacto\\\/\"]}]},{\"@type\":\"BreadcrumbList\",\"@id\":\"https:\\\/\\\/www.studiouckmar.com\\\/es\\\/contacto\\\/#breadcrumb\",\"itemListElement\":[{\"@type\":\"ListItem\",\"position\":1,\"name\":\"Home\",\"item\":\"https:\\\/\\\/www.studiouckmar.com\\\/es\\\/pagina-de-inicio\\\/\"},{\"@type\":\"ListItem\",\"position\":2,\"name\":\"Contactos\"}]},{\"@type\":\"WebSite\",\"@id\":\"https:\\\/\\\/www.studiouckmar.com\\\/#website\",\"url\":\"https:\\\/\\\/www.studiouckmar.com\\\/\",\"name\":\"Studio Uckmar\",\"description\":\"associazione avvocati professionale\",\"potentialAction\":[{\"@type\":\"SearchAction\",\"target\":{\"@type\":\"EntryPoint\",\"urlTemplate\":\"https:\\\/\\\/www.studiouckmar.com\\\/?s={search_term_string}\"},\"query-input\":{\"@type\":\"PropertyValueSpecification\",\"valueRequired\":true,\"valueName\":\"search_term_string\"}}],\"inLanguage\":\"es\"}]}<\/script>\n<!-- \/ Yoast SEO plugin. -->","yoast_head_json":{"title":"Contactos - Studio Uckmar","description":"El estudio Uckmar tiene 4 sedes: G\u00e9nova en Via Bacigalupo 4-15, Mil\u00e1n en Via Agnello 5, Roma en Via Nazionale 200 y Buenos Aires Cerrito 782 - 6\u00ba Piso","robots":{"index":"index","follow":"follow","max-snippet":"max-snippet:-1","max-image-preview":"max-image-preview:large","max-video-preview":"max-video-preview:-1"},"canonical":"https:\/\/www.studiouckmar.com\/es\/contacto\/","og_locale":"es_ES","og_type":"article","og_title":"Contactos - Studio Uckmar","og_description":"El estudio Uckmar tiene 4 sedes: G\u00e9nova en Via Bacigalupo 4-15, Mil\u00e1n en Via Agnello 5, Roma en Via Nazionale 200 y Buenos Aires Cerrito 782 - 6\u00ba Piso","og_url":"https:\/\/www.studiouckmar.com\/es\/contacto\/","og_site_name":"Studio Uckmar","article_modified_time":"2024-10-01T08:57:42+00:00","twitter_card":"summary_large_image","twitter_misc":{"Tiempo de lectura":"5 minutos"},"schema":{"@context":"https:\/\/schema.org","@graph":[{"@type":"WebPage","@id":"https:\/\/www.studiouckmar.com\/es\/contacto\/","url":"https:\/\/www.studiouckmar.com\/es\/contacto\/","name":"Contactos - Studio Uckmar","isPartOf":{"@id":"https:\/\/www.studiouckmar.com\/#website"},"datePublished":"2022-05-06T13:28:20+00:00","dateModified":"2024-10-01T08:57:42+00:00","description":"El estudio Uckmar tiene 4 sedes: G\u00e9nova en Via Bacigalupo 4-15, Mil\u00e1n en Via Agnello 5, Roma en Via Nazionale 200 y Buenos Aires Cerrito 782 - 6\u00ba Piso","breadcrumb":{"@id":"https:\/\/www.studiouckmar.com\/es\/contacto\/#breadcrumb"},"inLanguage":"es","potentialAction":[{"@type":"ReadAction","target":["https:\/\/www.studiouckmar.com\/es\/contacto\/"]}]},{"@type":"BreadcrumbList","@id":"https:\/\/www.studiouckmar.com\/es\/contacto\/#breadcrumb","itemListElement":[{"@type":"ListItem","position":1,"name":"Home","item":"https:\/\/www.studiouckmar.com\/es\/pagina-de-inicio\/"},{"@type":"ListItem","position":2,"name":"Contactos"}]},{"@type":"WebSite","@id":"https:\/\/www.studiouckmar.com\/#website","url":"https:\/\/www.studiouckmar.com\/","name":"Studio Uckmar","description":"associazione avvocati professionale","potentialAction":[{"@type":"SearchAction","target":{"@type":"EntryPoint","urlTemplate":"https:\/\/www.studiouckmar.com\/?s={search_term_string}"},"query-input":{"@type":"PropertyValueSpecification","valueRequired":true,"valueName":"search_term_string"}}],"inLanguage":"es"}]}},"_links":{"self":[{"href":"https:\/\/www.studiouckmar.com\/es\/wp-json\/wp\/v2\/pages\/1788","targetHints":{"allow":["GET"]}}],"collection":[{"href":"https:\/\/www.studiouckmar.com\/es\/wp-json\/wp\/v2\/pages"}],"about":[{"href":"https:\/\/www.studiouckmar.com\/es\/wp-json\/wp\/v2\/types\/page"}],"author":[{"embeddable":true,"href":"https:\/\/www.studiouckmar.com\/es\/wp-json\/wp\/v2\/users\/2"}],"replies":[{"embeddable":true,"href":"https:\/\/www.studiouckmar.com\/es\/wp-json\/wp\/v2\/comments?post=1788"}],"version-history":[{"count":9,"href":"https:\/\/www.studiouckmar.com\/es\/wp-json\/wp\/v2\/pages\/1788\/revisions"}],"predecessor-version":[{"id":2408,"href":"https:\/\/www.studiouckmar.com\/es\/wp-json\/wp\/v2\/pages\/1788\/revisions\/2408"}],"wp:attachment":[{"href":"https:\/\/www.studiouckmar.com\/es\/wp-json\/wp\/v2\/media?parent=1788"}],"curies":[{"name":"wp","href":"https:\/\/api.w.org\/{rel}","templated":true}]}}